{"id":10,"date":"2022-09-17T17:38:01","date_gmt":"2022-09-17T20:38:01","guid":{"rendered":"http:\/\/pasteur.ind.br\/?page_id=10"},"modified":"2023-03-08T19:01:03","modified_gmt":"2023-03-08T22:01:03","slug":"nossas-solucoes","status":"publish","type":"page","link":"https:\/\/pasteur.ind.br\/en\/nossas-solucoes\/","title":{"rendered":"Nossas Solu\u00e7\u00f5es"},"content":{"rendered":"\n<div class=\"is-layout-flow wp-block-group featured-banner\"><div class=\"wp-block-group__inner-container\"><figure class=\"wp-block-post-featured-image\"><img width=\"1440\" height=\"501\" src=\"https:\/\/pasteur.ind.br\/wp-content\/uploads\/2022\/12\/solucoes_pasteur_IMG_INGLES.jpg\" class=\"attachment-post-thumbnail size-post-thumbnail wp-post-image\" alt=\"\" decoding=\"async\" loading=\"lazy\" srcset=\"https:\/\/pasteur.ind.br\/wp-content\/uploads\/2022\/12\/solucoes_pasteur_IMG_INGLES.jpg 1440w, https:\/\/pasteur.ind.br\/wp-content\/uploads\/2022\/12\/solucoes_pasteur_IMG_INGLES-300x104.jpg 300w, https:\/\/pasteur.ind.br\/wp-content\/uploads\/2022\/12\/solucoes_pasteur_IMG_INGLES-1024x356.jpg 1024w, https:\/\/pasteur.ind.br\/wp-content\/uploads\/2022\/12\/solucoes_pasteur_IMG_INGLES-768x267.jpg 768w\" sizes=\"(max-width: 1440px) 100vw, 1440px\" \/><\/figure>\n\n\n<div class=\"is-layout-flow wp-block-group banner-text\"><div class=\"wp-block-group__inner-container\">\n<h1><strong>Our Solutions<\/strong><\/h1>\n\n\n\n<p>We have the right answer to your needs<\/p>\n<\/div><\/div>\n<\/div><\/div>\n\n\n\n<section class=\"is-layout-flow wp-block-group guide2\"><div class=\"wp-block-group__inner-container\">\n<h2><strong>Our solutions<\/strong><\/h2>\n\n\n\n<p class=\"block-text\">Whatever your need, we can advise you in all stages of the Private Brand business.<\/p>\n<\/div><\/section>\n\n\n\n<section class=\"is-layout-flow wp-block-group guide1\"><div class=\"wp-block-group__inner-container\">\n<div class=\"is-layout-flow wp-block-group solution-item\"><div class=\"wp-block-group__inner-container\">\n<h3>Market trends and the relative product portfolio identification, best suited to your business.<\/h3>\n\n\n\n<figure class=\"wp-block-image size-full\"><img decoding=\"async\" loading=\"lazy\" width=\"132\" height=\"132\" src=\"http:\/\/pasteur.ind.br\/wp-content\/uploads\/2022\/09\/solucoes-pesquisa.png\" alt=\"\" class=\"wp-image-367\"\/><\/figure>\n<\/div><\/div>\n\n\n\n<div class=\"is-layout-flow wp-block-group solution-item\"><div class=\"wp-block-group__inner-container\">\n<figure class=\"wp-block-image size-full\"><img decoding=\"async\" loading=\"lazy\" width=\"127\" height=\"128\" src=\"http:\/\/pasteur.ind.br\/wp-content\/uploads\/2022\/09\/solucoes-desenvolvimento.png\" alt=\"\" class=\"wp-image-369\"\/><\/figure>\n\n\n\n<h3>\u00a0Product Development and formulation to meet the demands.<\/h3>\n<\/div><\/div>\n\n\n\n<div class=\"is-layout-flow wp-block-group solution-item\"><div class=\"wp-block-group__inner-container\">\n<h3>Package graphic design.<\/h3>\n\n\n\n<figure class=\"wp-block-image size-full\"><img decoding=\"async\" loading=\"lazy\" width=\"135\" height=\"135\" src=\"http:\/\/pasteur.ind.br\/wp-content\/uploads\/2022\/09\/solucoes-criacao.png\" alt=\"\" class=\"wp-image-391\"\/><\/figure>\n<\/div><\/div>\n\n\n\n<div class=\"is-layout-flow wp-block-group solution-item\"><div class=\"wp-block-group__inner-container\">\n<figure class=\"wp-block-image size-full\"><img decoding=\"async\" loading=\"lazy\" width=\"134\" height=\"133\" src=\"http:\/\/pasteur.ind.br\/wp-content\/uploads\/2022\/09\/solucoes-realizacao.png\" alt=\"\" class=\"wp-image-392\"\/><\/figure>\n\n\n\n<h3>All the necessary product testing (for safety, efficacy, sensoriality, among others).<\/h3>\n<\/div><\/div>\n\n\n\n<div class=\"is-layout-flow wp-block-group solution-item\"><div class=\"wp-block-group__inner-container\">\n<h3>Regulatory services for product registration with the competent entities.<\/h3>\n\n\n\n<figure class=\"wp-block-image size-full\"><img decoding=\"async\" src=\"http:\/\/pasteur.ind.br\/wp-content\/uploads\/2022\/09\/solucoes-registro.png\" alt=\"\" class=\"wp-image-394\"\/><\/figure>\n<\/div><\/div>\n\n\n\n<div class=\"is-layout-flow wp-block-group solution-item\"><div class=\"wp-block-group__inner-container\">\n<figure class=\"wp-block-image size-full\"><img decoding=\"async\" src=\"http:\/\/pasteur.ind.br\/wp-content\/uploads\/2022\/09\/solucoes-producao.png\" alt=\"\" class=\"wp-image-395\"\/><\/figure>\n\n\n\n<h3>Goods production, storage, and distribution.<\/h3>\n<\/div><\/div>\n\n\n\n<div class=\"is-layout-flow wp-block-group solution-item\"><div class=\"wp-block-group__inner-container\">\n<h3>Support for inventory management and demand forecasts (<em>\u201csell out\u201d<\/em>).<\/h3>\n\n\n\n<figure class=\"wp-block-image size-full\"><img decoding=\"async\" src=\"http:\/\/pasteur.ind.br\/wp-content\/uploads\/2022\/09\/solucoes-gestao.png\" alt=\"\" class=\"wp-image-396\"\/><\/figure>\n<\/div><\/div>\n\n\n\n<section class=\"is-layout-flow wp-block-group guide1\"><div class=\"wp-block-group__inner-container\">\n<div class=\"is-layout-flex wp-block-buttons\">\n<div class=\"wp-block-button btn-contact\"><a class=\"wp-block-button__link wp-element-button\" href=\".\/contato\/\" style=\"border-radius:0px\"><img decoding=\"async\" loading=\"lazy\" width=\"90\" height=\"78\" class=\"wp-image-459\" style=\"width: 90px;\" src=\"http:\/\/pasteur.ind.br\/wp-content\/uploads\/2022\/09\/btn-form.png\" alt=\"\"><span>Have a Project? Let us help you out!<\/span><\/a><\/div>\n<\/div>\n<\/div><\/section>\n<\/div><\/section>\n","protected":false},"excerpt":{"rendered":"<p>Our Solutions We have the right answer to your needs Our solutions Whatever your need, we can advise you in all stages of the Private Brand business. Market trends and the relative product portfolio identification, best suited to your business. \u00a0Product Development and formulation to meet the demands. Package graphic design. All the necessary product [&hellip;]<\/p>\n","protected":false},"author":1,"featured_media":2131,"parent":0,"menu_order":2,"comment_status":"closed","ping_status":"closed","template":"","meta":[],"yoast_head":"<!-- This site is optimized with the Yoast SEO plugin v19.10 - https:\/\/yoast.com\/wordpress\/plugins\/seo\/ -->\n<title>Nossas Solu\u00e7\u00f5es - Pasteur\u00a0<\/title>\n<meta name=\"robots\" content=\"index, follow, max-snippet:-1, max-image-preview:large, max-video-preview:-1\" \/>\n<link rel=\"canonical\" href=\"https:\/\/pasteur.ind.br\/nossas-solucoes\/\" \/>\n<meta property=\"og:locale\" content=\"en_US\" \/>\n<meta property=\"og:type\" content=\"article\" \/>\n<meta property=\"og:title\" content=\"Nossas Solu\u00e7\u00f5es\" \/>\n<meta property=\"og:description\" content=\"Our Solutions We have the right answer to your needs Our solutions Whatever your need, we can advise you in all stages of the Private Brand business. Market trends and the relative product portfolio identification, best suited to your business. \u00a0Product Development and formulation to meet the demands. Package graphic design. All the necessary product [&hellip;]\" \/>\n<meta property=\"og:url\" content=\"https:\/\/pasteur.ind.br\/nossas-solucoes\/\" \/>\n<meta property=\"og:site_name\" content=\"Pasteur\u00a0\" \/>\n<meta property=\"article:modified_time\" content=\"2023-03-08T22:01:03+00:00\" \/>\n<meta property=\"og:image\" content=\"https:\/\/pasteur.ind.br\/wp-content\/uploads\/2022\/12\/solucoes_pasteur_IMG_INGLES.jpg\" \/>\n\t<meta property=\"og:image:width\" content=\"1440\" \/>\n\t<meta property=\"og:image:height\" content=\"501\" \/>\n\t<meta property=\"og:image:type\" content=\"image\/jpeg\" \/>\n<meta name=\"twitter:card\" content=\"summary_large_image\" \/>\n<meta name=\"twitter:label1\" content=\"Est. reading time\" \/>\n\t<meta name=\"twitter:data1\" content=\"3 minutes\" \/>\n<script type=\"application\/ld+json\" class=\"yoast-schema-graph\">{\"@context\":\"https:\/\/schema.org\",\"@graph\":[{\"@type\":\"WebPage\",\"@id\":\"https:\/\/pasteur.ind.br\/nossas-solucoes\/\",\"url\":\"https:\/\/pasteur.ind.br\/nossas-solucoes\/\",\"name\":\"[:pt]Nossas Solu\u00e7\u00f5es[:en]Nossas Solu\u00e7\u00f5es[:] - Pasteur\u00a0\",\"isPartOf\":{\"@id\":\"https:\/\/pasteur.ind.br\/#website\"},\"datePublished\":\"2022-09-17T20:38:01+00:00\",\"dateModified\":\"2023-03-08T22:01:03+00:00\",\"inLanguage\":\"en-US\",\"potentialAction\":[{\"@type\":\"ReadAction\",\"target\":[\"https:\/\/pasteur.ind.br\/nossas-solucoes\/\"]}]},{\"@type\":\"WebSite\",\"@id\":\"https:\/\/pasteur.ind.br\/#website\",\"url\":\"https:\/\/pasteur.ind.br\/\",\"name\":\"Pasteur\u00a0\",\"description\":\"S\u00f3 mais um site WordPress\",\"potentialAction\":[{\"@type\":\"SearchAction\",\"target\":{\"@type\":\"EntryPoint\",\"urlTemplate\":\"https:\/\/pasteur.ind.br\/?s={search_term_string}\"},\"query-input\":\"required name=search_term_string\"}],\"inLanguage\":\"en-US\"}]}<\/script>\n<!-- \/ Yoast SEO plugin. -->","yoast_head_json":{"title":"Nossas Solu\u00e7\u00f5es - Pasteur\u00a0","robots":{"index":"index","follow":"follow","max-snippet":"max-snippet:-1","max-image-preview":"max-image-preview:large","max-video-preview":"max-video-preview:-1"},"canonical":"https:\/\/pasteur.ind.br\/nossas-solucoes\/","og_locale":"en_US","og_type":"article","og_title":"[:pt]Nossas Solu\u00e7\u00f5es[:en]Nossas Solu\u00e7\u00f5es[:] - Pasteur\u00a0","og_description":"Our Solutions We have the right answer to your needs Our solutions Whatever your need, we can advise you in all stages of the Private Brand business. Market trends and the relative product portfolio identification, best suited to your business. \u00a0Product Development and formulation to meet the demands. Package graphic design. All the necessary product [&hellip;]","og_url":"https:\/\/pasteur.ind.br\/nossas-solucoes\/","og_site_name":"Pasteur\u00a0","article_modified_time":"2023-03-08T22:01:03+00:00","og_image":[{"width":1440,"height":501,"url":"https:\/\/pasteur.ind.br\/wp-content\/uploads\/2022\/12\/solucoes_pasteur_IMG_INGLES.jpg","type":"image\/jpeg"}],"twitter_card":"summary_large_image","twitter_misc":{"Est. reading time":"3 minutes"},"schema":{"@context":"https:\/\/schema.org","@graph":[{"@type":"WebPage","@id":"https:\/\/pasteur.ind.br\/nossas-solucoes\/","url":"https:\/\/pasteur.ind.br\/nossas-solucoes\/","name":"[:pt]Nossas Solu\u00e7\u00f5es[:en]Nossas Solu\u00e7\u00f5es[:] - Pasteur\u00a0","isPartOf":{"@id":"https:\/\/pasteur.ind.br\/#website"},"datePublished":"2022-09-17T20:38:01+00:00","dateModified":"2023-03-08T22:01:03+00:00","inLanguage":"en-US","potentialAction":[{"@type":"ReadAction","target":["https:\/\/pasteur.ind.br\/nossas-solucoes\/"]}]},{"@type":"WebSite","@id":"https:\/\/pasteur.ind.br\/#website","url":"https:\/\/pasteur.ind.br\/","name":"Pasteur\u00a0","description":"S\u00f3 mais um site WordPress","potentialAction":[{"@type":"SearchAction","target":{"@type":"EntryPoint","urlTemplate":"https:\/\/pasteur.ind.br\/?s={search_term_string}"},"query-input":"required name=search_term_string"}],"inLanguage":"en-US"}]}},"_links":{"self":[{"href":"https:\/\/pasteur.ind.br\/en\/wp-json\/wp\/v2\/pages\/10"}],"collection":[{"href":"https:\/\/pasteur.ind.br\/en\/wp-json\/wp\/v2\/pages"}],"about":[{"href":"https:\/\/pasteur.ind.br\/en\/wp-json\/wp\/v2\/types\/page"}],"author":[{"embeddable":true,"href":"https:\/\/pasteur.ind.br\/en\/wp-json\/wp\/v2\/users\/1"}],"replies":[{"embeddable":true,"href":"https:\/\/pasteur.ind.br\/en\/wp-json\/wp\/v2\/comments?post=10"}],"version-history":[{"count":143,"href":"https:\/\/pasteur.ind.br\/en\/wp-json\/wp\/v2\/pages\/10\/revisions"}],"predecessor-version":[{"id":2499,"href":"https:\/\/pasteur.ind.br\/en\/wp-json\/wp\/v2\/pages\/10\/revisions\/2499"}],"wp:featuredmedia":[{"embeddable":true,"href":"https:\/\/pasteur.ind.br\/en\/wp-json\/wp\/v2\/media\/2131"}],"wp:attachment":[{"href":"https:\/\/pasteur.ind.br\/en\/wp-json\/wp\/v2\/media?parent=10"}],"curies":[{"name":"wp","href":"https:\/\/api.w.org\/{rel}","templated":true}]}}