{"id":10,"date":"2022-09-17T17:38:01","date_gmt":"2022-09-17T20:38:01","guid":{"rendered":"http:\/\/pasteur.ind.br\/?page_id=10"},"modified":"2023-03-08T19:01:03","modified_gmt":"2023-03-08T22:01:03","slug":"nossas-solucoes","status":"publish","type":"page","link":"https:\/\/pasteur.ind.br\/es\/nossas-solucoes\/","title":{"rendered":"Nossas Solu\u00e7\u00f5es"},"content":{"rendered":"\n<div class=\"is-layout-flow wp-block-group featured-banner\"><div class=\"wp-block-group__inner-container\"><figure class=\"wp-block-post-featured-image\"><img width=\"1440\" height=\"501\" src=\"https:\/\/pasteur.ind.br\/wp-content\/uploads\/2022\/12\/solucoes_pasteur_IMG_INGLES.jpg\" class=\"attachment-post-thumbnail size-post-thumbnail wp-post-image\" alt=\"\" decoding=\"async\" loading=\"lazy\" srcset=\"https:\/\/pasteur.ind.br\/wp-content\/uploads\/2022\/12\/solucoes_pasteur_IMG_INGLES.jpg 1440w, https:\/\/pasteur.ind.br\/wp-content\/uploads\/2022\/12\/solucoes_pasteur_IMG_INGLES-300x104.jpg 300w, https:\/\/pasteur.ind.br\/wp-content\/uploads\/2022\/12\/solucoes_pasteur_IMG_INGLES-1024x356.jpg 1024w, https:\/\/pasteur.ind.br\/wp-content\/uploads\/2022\/12\/solucoes_pasteur_IMG_INGLES-768x267.jpg 768w\" sizes=\"(max-width: 1440px) 100vw, 1440px\" \/><\/figure>\n\n\n<div class=\"is-layout-flow wp-block-group banner-text\"><div class=\"wp-block-group__inner-container\">\n<h1>Nuestras Soluciones<\/h1>\n\n\n\n<p>Tenemos la soluci\u00f3n adecuada para su proyecto<\/p>\n<\/div><\/div>\n<\/div><\/div>\n\n\n\n<section class=\"is-layout-flow wp-block-group guide2\"><div class=\"wp-block-group__inner-container\">\n<h2>Nuestras soluciones<\/h2>\n\n\n\n<p class=\"block-text\">Sea cual sea su necesidad podremos ayudarle en todas las etapas del servicio de Marca Propria.<\/p>\n<\/div><\/section>\n\n\n\n<section class=\"is-layout-flow wp-block-group guide1\"><div class=\"wp-block-group__inner-container\">\n\n<div class=\"is-layout-flow wp-block-group solution-item\"><div class=\"wp-block-group__inner-container\">\n\n<h3>Identificaci\u00f3n de tendencias de mercado y el respectivo portafolio de productos, m\u00e1s adecuado a su negocio.<\/h3>\n\n\n<figure class=\"wp-block-image size-full\"><img decoding=\"async\" loading=\"lazy\" width=\"132\" height=\"132\" src=\"http:\/\/pasteur.ind.br\/wp-content\/uploads\/2022\/09\/solucoes-pesquisa.png\" alt=\"\" class=\"wp-image-367\"\/><\/figure>\n\n<\/div><\/div>\n\n\n<div class=\"is-layout-flow wp-block-group solution-item\"><div class=\"wp-block-group__inner-container\">\n\n<figure class=\"wp-block-image size-full\"><img decoding=\"async\" loading=\"lazy\" width=\"127\" height=\"128\" src=\"http:\/\/pasteur.ind.br\/wp-content\/uploads\/2022\/09\/solucoes-desenvolvimento.png\" alt=\"\" class=\"wp-image-369\"\/><\/figure>\n\n\n<h3>&nbsp;Desarrollo y formulaci\u00f3n de los productos para satisfacer las demandas.<\/h3>\n\n<\/div><\/div>\n\n\n<div class=\"is-layout-flow wp-block-group solution-item\"><div class=\"wp-block-group__inner-container\">\n\n<h3>Creaci\u00f3n de marca e identidad visual de la l\u00ednea de productos.<\/h3>\n\n\n<figure class=\"wp-block-image size-full\"><img decoding=\"async\" loading=\"lazy\" width=\"135\" height=\"135\" src=\"http:\/\/pasteur.ind.br\/wp-content\/uploads\/2022\/09\/solucoes-criacao.png\" alt=\"\" class=\"wp-image-391\"\/><\/figure>\n\n<\/div><\/div>\n\n\n<div class=\"is-layout-flow wp-block-group solution-item\"><div class=\"wp-block-group__inner-container\">\n\n<figure class=\"wp-block-image size-full\"><img decoding=\"async\" loading=\"lazy\" width=\"134\" height=\"133\" src=\"http:\/\/pasteur.ind.br\/wp-content\/uploads\/2022\/09\/solucoes-realizacao.png\" alt=\"\" class=\"wp-image-392\"\/><\/figure>\n\n\n<h3>Realizaci\u00f3n de pruebas espec\u00edficas de seguridad, eficiencia y sensorial mientre otras, seg\u00fan las necesidades.<\/h3>\n\n<\/div><\/div>\n\n\n<div class=\"is-layout-flow wp-block-group solution-item\"><div class=\"wp-block-group__inner-container\">\n\n<h3>Servicios regulatorios para el registro de los productos ante los organismos competentes.<\/h3>\n\n\n<figure class=\"wp-block-image size-full\"><img decoding=\"async\" src=\"http:\/\/pasteur.ind.br\/wp-content\/uploads\/2022\/09\/solucoes-registro.png\" alt=\"\" class=\"wp-image-394\"\/><\/figure>\n\n<\/div><\/div>\n\n\n<div class=\"is-layout-flow wp-block-group solution-item\"><div class=\"wp-block-group__inner-container\">\n\n<figure class=\"wp-block-image size-full\"><img decoding=\"async\" src=\"http:\/\/pasteur.ind.br\/wp-content\/uploads\/2022\/09\/solucoes-producao.png\" alt=\"\" class=\"wp-image-395\"\/><\/figure>\n\n\n<h3>Producci\u00f3n, almacenamiento y distribuci\u00f3n de los productos.<\/h3>\n\n<\/div><\/div>\n\n\n<div class=\"is-layout-flow wp-block-group solution-item\"><div class=\"wp-block-group__inner-container\">\n\n<h3>Soporte para la gesti\u00f3n de inventario y previsiones de demanda (<em>\u201csell out\u201d<\/em>).<\/h3>\n\n\n<figure class=\"wp-block-image size-full\"><img decoding=\"async\" src=\"http:\/\/pasteur.ind.br\/wp-content\/uploads\/2022\/09\/solucoes-gestao.png\" alt=\"\" class=\"wp-image-396\"\/><\/figure>\n\n<\/div><\/div>\n\n\n<section class=\"is-layout-flow wp-block-group guide1\"><div class=\"wp-block-group__inner-container\">\n\n<div class=\"is-layout-flex wp-block-buttons\">\n\n<div class=\"wp-block-button btn-contact\"><a class=\"wp-block-button__link wp-element-button\" href=\".\/contato\/\" style=\"border-radius:0px\"><img decoding=\"async\" loading=\"lazy\" width=\"90\" height=\"78\" class=\"wp-image-459\" style=\"width: 90px;\" src=\"http:\/\/pasteur.ind.br\/wp-content\/uploads\/2022\/09\/btn-form.png\" alt=\"\"><span>\u00bfTienes un Proyecto? \u00a1D\u00e9janos ayudarte!<\/span><\/a><\/div>\n\n<\/div>\n\n<\/div><\/div><\/section>\n\n","protected":false},"excerpt":{"rendered":"<p>Nuestras Soluciones Tenemos la soluci\u00f3n adecuada para su proyecto Nuestras soluciones Sea cual sea su necesidad podremos ayudarle en todas las etapas del servicio de Marca Propria. Identificaci\u00f3n de tendencias de mercado y el respectivo portafolio de productos, m\u00e1s adecuado a su negocio. &nbsp;Desarrollo y formulaci\u00f3n de los productos para satisfacer las demandas. Creaci\u00f3n de [&hellip;]<\/p>\n","protected":false},"author":1,"featured_media":2131,"parent":0,"menu_order":2,"comment_status":"closed","ping_status":"closed","template":"","meta":[],"yoast_head":"<!-- This site is optimized with the Yoast SEO plugin v19.10 - https:\/\/yoast.com\/wordpress\/plugins\/seo\/ -->\n<title>Nossas Solu\u00e7\u00f5es - Pasteur\u00a0<\/title>\n<meta name=\"robots\" content=\"index, follow, max-snippet:-1, max-image-preview:large, max-video-preview:-1\" \/>\n<link rel=\"canonical\" href=\"https:\/\/pasteur.ind.br\/nossas-solucoes\/\" \/>\n<meta property=\"og:locale\" content=\"es_ES\" \/>\n<meta property=\"og:type\" content=\"article\" \/>\n<meta property=\"og:title\" content=\"Nossas Solu\u00e7\u00f5es\" \/>\n<meta property=\"og:description\" content=\"Nuestras Soluciones Tenemos la soluci\u00f3n adecuada para su proyecto Nuestras soluciones Sea cual sea su necesidad podremos ayudarle en todas las etapas del servicio de Marca Propria. Identificaci\u00f3n de tendencias de mercado y el respectivo portafolio de productos, m\u00e1s adecuado a su negocio. &nbsp;Desarrollo y formulaci\u00f3n de los productos para satisfacer las demandas. Creaci\u00f3n de [&hellip;]\" \/>\n<meta property=\"og:url\" content=\"https:\/\/pasteur.ind.br\/nossas-solucoes\/\" \/>\n<meta property=\"og:site_name\" content=\"Pasteur\u00a0\" \/>\n<meta property=\"article:modified_time\" content=\"2023-03-08T22:01:03+00:00\" \/>\n<meta property=\"og:image\" content=\"https:\/\/pasteur.ind.br\/wp-content\/uploads\/2022\/12\/solucoes_pasteur_IMG_INGLES.jpg\" \/>\n\t<meta property=\"og:image:width\" content=\"1440\" \/>\n\t<meta property=\"og:image:height\" content=\"501\" \/>\n\t<meta property=\"og:image:type\" content=\"image\/jpeg\" \/>\n<meta name=\"twitter:card\" content=\"summary_large_image\" \/>\n<meta name=\"twitter:label1\" content=\"Est. reading time\" \/>\n\t<meta name=\"twitter:data1\" content=\"3 minutos\" \/>\n<script type=\"application\/ld+json\" class=\"yoast-schema-graph\">{\"@context\":\"https:\/\/schema.org\",\"@graph\":[{\"@type\":\"WebPage\",\"@id\":\"https:\/\/pasteur.ind.br\/nossas-solucoes\/\",\"url\":\"https:\/\/pasteur.ind.br\/nossas-solucoes\/\",\"name\":\"[:pt]Nossas Solu\u00e7\u00f5es[:en]Nossas Solu\u00e7\u00f5es[:] - Pasteur\u00a0\",\"isPartOf\":{\"@id\":\"https:\/\/pasteur.ind.br\/#website\"},\"datePublished\":\"2022-09-17T20:38:01+00:00\",\"dateModified\":\"2023-03-08T22:01:03+00:00\",\"inLanguage\":\"es-ES\",\"potentialAction\":[{\"@type\":\"ReadAction\",\"target\":[\"https:\/\/pasteur.ind.br\/nossas-solucoes\/\"]}]},{\"@type\":\"WebSite\",\"@id\":\"https:\/\/pasteur.ind.br\/#website\",\"url\":\"https:\/\/pasteur.ind.br\/\",\"name\":\"Pasteur\u00a0\",\"description\":\"S\u00f3 mais um site WordPress\",\"potentialAction\":[{\"@type\":\"SearchAction\",\"target\":{\"@type\":\"EntryPoint\",\"urlTemplate\":\"https:\/\/pasteur.ind.br\/?s={search_term_string}\"},\"query-input\":\"required name=search_term_string\"}],\"inLanguage\":\"es-ES\"}]}<\/script>\n<!-- \/ Yoast SEO plugin. -->","yoast_head_json":{"title":"Nossas Solu\u00e7\u00f5es - Pasteur\u00a0","robots":{"index":"index","follow":"follow","max-snippet":"max-snippet:-1","max-image-preview":"max-image-preview:large","max-video-preview":"max-video-preview:-1"},"canonical":"https:\/\/pasteur.ind.br\/nossas-solucoes\/","og_locale":"es_ES","og_type":"article","og_title":"[:pt]Nossas Solu\u00e7\u00f5es[:en]Nossas Solu\u00e7\u00f5es[:] - Pasteur\u00a0","og_description":"Nuestras Soluciones Tenemos la soluci\u00f3n adecuada para su proyecto Nuestras soluciones Sea cual sea su necesidad podremos ayudarle en todas las etapas del servicio de Marca Propria. Identificaci\u00f3n de tendencias de mercado y el respectivo portafolio de productos, m\u00e1s adecuado a su negocio. &nbsp;Desarrollo y formulaci\u00f3n de los productos para satisfacer las demandas. Creaci\u00f3n de [&hellip;]","og_url":"https:\/\/pasteur.ind.br\/nossas-solucoes\/","og_site_name":"Pasteur\u00a0","article_modified_time":"2023-03-08T22:01:03+00:00","og_image":[{"width":1440,"height":501,"url":"https:\/\/pasteur.ind.br\/wp-content\/uploads\/2022\/12\/solucoes_pasteur_IMG_INGLES.jpg","type":"image\/jpeg"}],"twitter_card":"summary_large_image","twitter_misc":{"Est. reading time":"3 minutos"},"schema":{"@context":"https:\/\/schema.org","@graph":[{"@type":"WebPage","@id":"https:\/\/pasteur.ind.br\/nossas-solucoes\/","url":"https:\/\/pasteur.ind.br\/nossas-solucoes\/","name":"[:pt]Nossas Solu\u00e7\u00f5es[:en]Nossas Solu\u00e7\u00f5es[:] - Pasteur\u00a0","isPartOf":{"@id":"https:\/\/pasteur.ind.br\/#website"},"datePublished":"2022-09-17T20:38:01+00:00","dateModified":"2023-03-08T22:01:03+00:00","inLanguage":"es-ES","potentialAction":[{"@type":"ReadAction","target":["https:\/\/pasteur.ind.br\/nossas-solucoes\/"]}]},{"@type":"WebSite","@id":"https:\/\/pasteur.ind.br\/#website","url":"https:\/\/pasteur.ind.br\/","name":"Pasteur\u00a0","description":"S\u00f3 mais um site WordPress","potentialAction":[{"@type":"SearchAction","target":{"@type":"EntryPoint","urlTemplate":"https:\/\/pasteur.ind.br\/?s={search_term_string}"},"query-input":"required name=search_term_string"}],"inLanguage":"es-ES"}]}},"_links":{"self":[{"href":"https:\/\/pasteur.ind.br\/es\/wp-json\/wp\/v2\/pages\/10"}],"collection":[{"href":"https:\/\/pasteur.ind.br\/es\/wp-json\/wp\/v2\/pages"}],"about":[{"href":"https:\/\/pasteur.ind.br\/es\/wp-json\/wp\/v2\/types\/page"}],"author":[{"embeddable":true,"href":"https:\/\/pasteur.ind.br\/es\/wp-json\/wp\/v2\/users\/1"}],"replies":[{"embeddable":true,"href":"https:\/\/pasteur.ind.br\/es\/wp-json\/wp\/v2\/comments?post=10"}],"version-history":[{"count":143,"href":"https:\/\/pasteur.ind.br\/es\/wp-json\/wp\/v2\/pages\/10\/revisions"}],"predecessor-version":[{"id":2499,"href":"https:\/\/pasteur.ind.br\/es\/wp-json\/wp\/v2\/pages\/10\/revisions\/2499"}],"wp:featuredmedia":[{"embeddable":true,"href":"https:\/\/pasteur.ind.br\/es\/wp-json\/wp\/v2\/media\/2131"}],"wp:attachment":[{"href":"https:\/\/pasteur.ind.br\/es\/wp-json\/wp\/v2\/media?parent=10"}],"curies":[{"name":"wp","href":"https:\/\/api.w.org\/{rel}","templated":true}]}}