{"id":1057,"date":"2022-10-09T22:02:41","date_gmt":"2022-10-10T01:02:41","guid":{"rendered":"http:\/\/pasteur.ind.br\/?page_id=1057"},"modified":"2023-02-14T15:03:38","modified_gmt":"2023-02-14T18:03:38","slug":"linha-para-maos","status":"publish","type":"page","link":"https:\/\/pasteur.ind.br\/es\/produtos\/linha-para-maos\/","title":{"rendered":"Linha para m\u00e3os"},"content":{"rendered":"\n<div class=\"is-layout-flow wp-block-group featured-banner\"><div class=\"wp-block-group__inner-container\"><figure class=\"wp-block-post-featured-image\"><img width=\"1440\" height=\"500\" src=\"https:\/\/pasteur.ind.br\/wp-content\/uploads\/2022\/10\/linhaparama\u0303os.jpg\" class=\"attachment-post-thumbnail size-post-thumbnail wp-post-image\" alt=\"\" decoding=\"async\" loading=\"lazy\" srcset=\"https:\/\/pasteur.ind.br\/wp-content\/uploads\/2022\/10\/linhaparama\u0303os.jpg 1440w, https:\/\/pasteur.ind.br\/wp-content\/uploads\/2022\/10\/linhaparama\u0303os-300x104.jpg 300w, https:\/\/pasteur.ind.br\/wp-content\/uploads\/2022\/10\/linhaparama\u0303os-1024x356.jpg 1024w, https:\/\/pasteur.ind.br\/wp-content\/uploads\/2022\/10\/linhaparama\u0303os-768x267.jpg 768w\" sizes=\"(max-width: 1440px) 100vw, 1440px\" \/><\/figure>\n\n\n<div class=\"is-layout-flow wp-block-group banner-text\"><div class=\"wp-block-group__inner-container\">\n<h1>L\u00ednea para Manos<\/h1>\n\n\n\n<p>F\u00f3rmulas espec\u00edficas para la limpieza, protecci\u00f3n y tratamiento de la piel de las manos<\/p>\n<\/div><\/div>\n<\/div><\/div>\n\n\n\n<section class=\"is-layout-flow wp-block-group guide2 block-text\"><div class=\"wp-block-group__inner-container\">\n<p>Productos que higienizan y protegen la piel de las manos, previniendo la aparici\u00f3n de manchas y flacidez. Nuestras formulas son resistentes al agua, de r\u00e1pida absorci\u00f3n y no grasas. Contamos con activos suavizantes que restablecen la barrera cut\u00e1nea, promoviendo una hidrataci\u00f3n duradera.<\/p>\n<\/div><\/section>\n\n\n\n<section class=\"is-layout-flow wp-block-group guide2 grid-cosmetic\"><div class=\"wp-block-group__inner-container\">\n<h3>Formas Cosm\u00e9ticas<\/h3>\n\n\n\n<div class=\"is-layout-flex wp-container-9 wp-block-columns\">\n<div class=\"is-layout-flow wp-block-column\">\n<figure class=\"wp-block-image size-full is-resized\"><img decoding=\"async\" src=\"http:\/\/pasteur.ind.br\/wp-content\/uploads\/2022\/10\/cremes.png\" alt=\"\" class=\"wp-image-1103\" width=\"174\" srcset=\"https:\/\/pasteur.ind.br\/wp-content\/uploads\/2022\/10\/cremes.png 174w, https:\/\/pasteur.ind.br\/wp-content\/uploads\/2022\/10\/cremes-150x150.png 150w\" sizes=\"(max-width: 174px) 100vw, 174px\" \/><figcaption class=\"wp-element-caption\">Cremas<\/figcaption><\/figure>\n<\/div>\n\n\n\n<div class=\"is-layout-flow wp-block-column\">\n<figure class=\"wp-block-image size-full is-resized\"><img decoding=\"async\" src=\"http:\/\/pasteur.ind.br\/wp-content\/uploads\/2022\/10\/liquidos.png\" alt=\"\" class=\"wp-image-1104\" width=\"174\" srcset=\"https:\/\/pasteur.ind.br\/wp-content\/uploads\/2022\/10\/liquidos.png 174w, https:\/\/pasteur.ind.br\/wp-content\/uploads\/2022\/10\/liquidos-150x150.png 150w\" sizes=\"(max-width: 174px) 100vw, 174px\" \/><figcaption class=\"wp-element-caption\">L\u00edquidos<\/figcaption><\/figure>\n<\/div>\n\n\n\n<div class=\"is-layout-flow wp-block-column\">\n<figure class=\"wp-block-image size-full is-resized\"><img decoding=\"async\" src=\"http:\/\/pasteur.ind.br\/wp-content\/uploads\/2022\/10\/geis.png\" alt=\"\" class=\"wp-image-1105\" width=\"174\" srcset=\"https:\/\/pasteur.ind.br\/wp-content\/uploads\/2022\/10\/geis.png 173w, https:\/\/pasteur.ind.br\/wp-content\/uploads\/2022\/10\/geis-150x150.png 150w\" sizes=\"(max-width: 173px) 100vw, 173px\" \/><figcaption class=\"wp-element-caption\">Geles<\/figcaption><\/figure>\n<\/div>\n\n\n\n<div class=\"is-layout-flow wp-block-column\">\n<figure class=\"wp-block-image size-full is-resized\"><img decoding=\"async\" src=\"http:\/\/pasteur.ind.br\/wp-content\/uploads\/2022\/10\/seruns.png\" alt=\"\" class=\"wp-image-1106\" width=\"174\" srcset=\"https:\/\/pasteur.ind.br\/wp-content\/uploads\/2022\/10\/seruns.png 174w, https:\/\/pasteur.ind.br\/wp-content\/uploads\/2022\/10\/seruns-150x150.png 150w\" sizes=\"(max-width: 174px) 100vw, 174px\" \/><figcaption class=\"wp-element-caption\">S\u00e9rum<\/figcaption><\/figure>\n<\/div>\n\n\n\n<div class=\"is-layout-flow wp-block-column\">\n<figure class=\"wp-block-image size-full is-resized\"><img decoding=\"async\" src=\"http:\/\/pasteur.ind.br\/wp-content\/uploads\/2022\/10\/espumas.png\" alt=\"\" class=\"wp-image-1107\" width=\"175\" srcset=\"https:\/\/pasteur.ind.br\/wp-content\/uploads\/2022\/10\/espumas.png 174w, https:\/\/pasteur.ind.br\/wp-content\/uploads\/2022\/10\/espumas-150x150.png 150w\" sizes=\"(max-width: 174px) 100vw, 174px\" \/><figcaption class=\"wp-element-caption\">Espumas<\/figcaption><\/figure>\n<\/div>\n<\/div>\n<\/div><\/section>\n\n\n\n<section class=\"is-layout-flow wp-block-group guide2 maos-produtos\"><div class=\"wp-block-group__inner-container\">\n<h3>Productos<\/h3>\n\n\n\n<h4>Hidratantes:<\/h4>\n\n\n\n<ul>\n<li>Para las manos y cut\u00edculas, a base de Urea, Silicona y Triglic\u00e9ridos de la Cadena Media (TCM)<\/li>\n<\/ul>\n\n\n\n<h4>Higienizaci\u00f3n:<\/h4>\n\n\n\n<ul>\n<li>Geles Higienizadores 70 INPM<\/li>\n\n\n\n<li>Jabones Antibacterianos<\/li>\n\n\n\n<li>Jabones Desengrasantes<\/li>\n<\/ul>\n\n\n\n<h4>Protecci\u00f3n:<\/h4>\n\n\n\n<ul>\n<li>Cremas con Protecci\u00f3n Solar<\/li>\n\n\n\n<li>Cremas resistentes al aceite<\/li>\n\n\n\n<li>Guantes Qu\u00edmicos Invisibles (uso profesional)<\/li>\n<\/ul>\n<\/div><\/section>\n\n\n\n<section class=\"is-layout-flow wp-block-group guide1\"><div class=\"wp-block-group__inner-container\">\n<div class=\"is-layout-flex wp-block-buttons\">\n<div class=\"wp-block-button btn-contact\"><a class=\"wp-block-button__link wp-element-button\" href=\".\/contato\/\" style=\"border-radius:0px\"><img decoding=\"async\" loading=\"lazy\" width=\"90\" height=\"78\" class=\"wp-image-459\" style=\"width: 90px;\" src=\"http:\/\/pasteur.ind.br\/wp-content\/uploads\/2022\/09\/btn-form.png\" alt=\"\"><span>\u00bfTienes un Proyecto? \u00a1D\u00e9janos ayudarte!<\/span><\/a><\/div>\n<\/div>\n<\/div><\/section>\n","protected":false},"excerpt":{"rendered":"<p>L\u00ednea para Manos F\u00f3rmulas espec\u00edficas para la limpieza, protecci\u00f3n y tratamiento de la piel de las manos Productos que higienizan y protegen la piel de las manos, previniendo la aparici\u00f3n de manchas y flacidez. Nuestras formulas son resistentes al agua, de r\u00e1pida absorci\u00f3n y no grasas. Contamos con activos suavizantes que restablecen la barrera cut\u00e1nea, [&hellip;]<\/p>\n","protected":false},"author":1,"featured_media":1064,"parent":12,"menu_order":0,"comment_status":"closed","ping_status":"closed","template":"","meta":[],"yoast_head":"<!-- This site is optimized with the Yoast SEO plugin v19.10 - https:\/\/yoast.com\/wordpress\/plugins\/seo\/ -->\n<title>Linha para m\u00e3os - Pasteur\u00a0<\/title>\n<meta name=\"robots\" content=\"index, follow, max-snippet:-1, max-image-preview:large, max-video-preview:-1\" \/>\n<link rel=\"canonical\" href=\"https:\/\/pasteur.ind.br\/produtos\/linha-para-maos\/\" \/>\n<meta property=\"og:locale\" content=\"es_ES\" \/>\n<meta property=\"og:type\" content=\"article\" \/>\n<meta property=\"og:title\" content=\"Linha para m\u00e3os\" \/>\n<meta property=\"og:description\" content=\"L\u00ednea para Manos F\u00f3rmulas espec\u00edficas para la limpieza, protecci\u00f3n y tratamiento de la piel de las manos Productos que higienizan y protegen la piel de las manos, previniendo la aparici\u00f3n de manchas y flacidez. Nuestras formulas son resistentes al agua, de r\u00e1pida absorci\u00f3n y no grasas. Contamos con activos suavizantes que restablecen la barrera cut\u00e1nea, [&hellip;]\" \/>\n<meta property=\"og:url\" content=\"https:\/\/pasteur.ind.br\/produtos\/linha-para-maos\/\" \/>\n<meta property=\"og:site_name\" content=\"Pasteur\u00a0\" \/>\n<meta property=\"article:modified_time\" content=\"2023-02-14T18:03:38+00:00\" \/>\n<meta property=\"og:image\" content=\"https:\/\/pasteur.ind.br\/wp-content\/uploads\/2022\/10\/linhaparama\u0303os.jpg\" \/>\n\t<meta property=\"og:image:width\" content=\"1440\" \/>\n\t<meta property=\"og:image:height\" content=\"500\" \/>\n\t<meta property=\"og:image:type\" content=\"image\/jpeg\" \/>\n<meta name=\"twitter:card\" content=\"summary_large_image\" \/>\n<meta name=\"twitter:label1\" content=\"Est. reading time\" \/>\n\t<meta name=\"twitter:data1\" content=\"2 minutos\" \/>\n<script type=\"application\/ld+json\" class=\"yoast-schema-graph\">{\"@context\":\"https:\/\/schema.org\",\"@graph\":[{\"@type\":\"WebPage\",\"@id\":\"https:\/\/pasteur.ind.br\/produtos\/linha-para-maos\/\",\"url\":\"https:\/\/pasteur.ind.br\/produtos\/linha-para-maos\/\",\"name\":\"[:pt]Linha para m\u00e3os[:] - Pasteur\u00a0\",\"isPartOf\":{\"@id\":\"https:\/\/pasteur.ind.br\/#website\"},\"datePublished\":\"2022-10-10T01:02:41+00:00\",\"dateModified\":\"2023-02-14T18:03:38+00:00\",\"breadcrumb\":{\"@id\":\"https:\/\/pasteur.ind.br\/produtos\/linha-para-maos\/#breadcrumb\"},\"inLanguage\":\"es-ES\",\"potentialAction\":[{\"@type\":\"ReadAction\",\"target\":[\"https:\/\/pasteur.ind.br\/produtos\/linha-para-maos\/\"]}]},{\"@type\":\"BreadcrumbList\",\"@id\":\"https:\/\/pasteur.ind.br\/produtos\/linha-para-maos\/#breadcrumb\",\"itemListElement\":[{\"@type\":\"ListItem\",\"position\":1,\"name\":\"Produtos\",\"item\":\"https:\/\/pasteur.ind.br\/produtos\/\"},{\"@type\":\"ListItem\",\"position\":2,\"name\":\"Linha para m\u00e3os\"}]},{\"@type\":\"WebSite\",\"@id\":\"https:\/\/pasteur.ind.br\/#website\",\"url\":\"https:\/\/pasteur.ind.br\/\",\"name\":\"Pasteur\u00a0\",\"description\":\"S\u00f3 mais um site WordPress\",\"potentialAction\":[{\"@type\":\"SearchAction\",\"target\":{\"@type\":\"EntryPoint\",\"urlTemplate\":\"https:\/\/pasteur.ind.br\/?s={search_term_string}\"},\"query-input\":\"required name=search_term_string\"}],\"inLanguage\":\"es-ES\"}]}<\/script>\n<!-- \/ Yoast SEO plugin. -->","yoast_head_json":{"title":"Linha para m\u00e3os - Pasteur\u00a0","robots":{"index":"index","follow":"follow","max-snippet":"max-snippet:-1","max-image-preview":"max-image-preview:large","max-video-preview":"max-video-preview:-1"},"canonical":"https:\/\/pasteur.ind.br\/produtos\/linha-para-maos\/","og_locale":"es_ES","og_type":"article","og_title":"[:pt]Linha para m\u00e3os[:] - Pasteur\u00a0","og_description":"L\u00ednea para Manos F\u00f3rmulas espec\u00edficas para la limpieza, protecci\u00f3n y tratamiento de la piel de las manos Productos que higienizan y protegen la piel de las manos, previniendo la aparici\u00f3n de manchas y flacidez. Nuestras formulas son resistentes al agua, de r\u00e1pida absorci\u00f3n y no grasas. Contamos con activos suavizantes que restablecen la barrera cut\u00e1nea, [&hellip;]","og_url":"https:\/\/pasteur.ind.br\/produtos\/linha-para-maos\/","og_site_name":"Pasteur\u00a0","article_modified_time":"2023-02-14T18:03:38+00:00","og_image":[{"width":1440,"height":500,"url":"https:\/\/pasteur.ind.br\/wp-content\/uploads\/2022\/10\/linhaparama\u0303os.jpg","type":"image\/jpeg"}],"twitter_card":"summary_large_image","twitter_misc":{"Est. reading time":"2 minutos"},"schema":{"@context":"https:\/\/schema.org","@graph":[{"@type":"WebPage","@id":"https:\/\/pasteur.ind.br\/produtos\/linha-para-maos\/","url":"https:\/\/pasteur.ind.br\/produtos\/linha-para-maos\/","name":"[:pt]Linha para m\u00e3os[:] - Pasteur\u00a0","isPartOf":{"@id":"https:\/\/pasteur.ind.br\/#website"},"datePublished":"2022-10-10T01:02:41+00:00","dateModified":"2023-02-14T18:03:38+00:00","breadcrumb":{"@id":"https:\/\/pasteur.ind.br\/produtos\/linha-para-maos\/#breadcrumb"},"inLanguage":"es-ES","potentialAction":[{"@type":"ReadAction","target":["https:\/\/pasteur.ind.br\/produtos\/linha-para-maos\/"]}]},{"@type":"BreadcrumbList","@id":"https:\/\/pasteur.ind.br\/produtos\/linha-para-maos\/#breadcrumb","itemListElement":[{"@type":"ListItem","position":1,"name":"Produtos","item":"https:\/\/pasteur.ind.br\/produtos\/"},{"@type":"ListItem","position":2,"name":"Linha para m\u00e3os"}]},{"@type":"WebSite","@id":"https:\/\/pasteur.ind.br\/#website","url":"https:\/\/pasteur.ind.br\/","name":"Pasteur\u00a0","description":"S\u00f3 mais um site WordPress","potentialAction":[{"@type":"SearchAction","target":{"@type":"EntryPoint","urlTemplate":"https:\/\/pasteur.ind.br\/?s={search_term_string}"},"query-input":"required name=search_term_string"}],"inLanguage":"es-ES"}]}},"_links":{"self":[{"href":"https:\/\/pasteur.ind.br\/es\/wp-json\/wp\/v2\/pages\/1057"}],"collection":[{"href":"https:\/\/pasteur.ind.br\/es\/wp-json\/wp\/v2\/pages"}],"about":[{"href":"https:\/\/pasteur.ind.br\/es\/wp-json\/wp\/v2\/types\/page"}],"author":[{"embeddable":true,"href":"https:\/\/pasteur.ind.br\/es\/wp-json\/wp\/v2\/users\/1"}],"replies":[{"embeddable":true,"href":"https:\/\/pasteur.ind.br\/es\/wp-json\/wp\/v2\/comments?post=1057"}],"version-history":[{"count":38,"href":"https:\/\/pasteur.ind.br\/es\/wp-json\/wp\/v2\/pages\/1057\/revisions"}],"predecessor-version":[{"id":2458,"href":"https:\/\/pasteur.ind.br\/es\/wp-json\/wp\/v2\/pages\/1057\/revisions\/2458"}],"up":[{"embeddable":true,"href":"https:\/\/pasteur.ind.br\/es\/wp-json\/wp\/v2\/pages\/12"}],"wp:featuredmedia":[{"embeddable":true,"href":"https:\/\/pasteur.ind.br\/es\/wp-json\/wp\/v2\/media\/1064"}],"wp:attachment":[{"href":"https:\/\/pasteur.ind.br\/es\/wp-json\/wp\/v2\/media?parent=1057"}],"curies":[{"name":"wp","href":"https:\/\/api.w.org\/{rel}","templated":true}]}}