{"id":12,"date":"2022-09-17T17:39:24","date_gmt":"2022-09-17T20:39:24","guid":{"rendered":"http:\/\/pasteur.ind.br\/?page_id=12"},"modified":"2023-02-23T16:27:45","modified_gmt":"2023-02-23T19:27:45","slug":"produtos","status":"publish","type":"page","link":"https:\/\/pasteur.ind.br\/es\/produtos\/","title":{"rendered":"Produtos"},"content":{"rendered":"\n<div class=\"is-layout-flow wp-block-group featured-banner\"><div class=\"wp-block-group__inner-container\"><figure class=\"wp-block-post-featured-image\"><img width=\"1440\" height=\"500\" src=\"https:\/\/pasteur.ind.br\/wp-content\/uploads\/2022\/10\/produtos.jpg\" class=\"attachment-post-thumbnail size-post-thumbnail wp-post-image\" alt=\"\" decoding=\"async\" loading=\"lazy\" srcset=\"https:\/\/pasteur.ind.br\/wp-content\/uploads\/2022\/10\/produtos.jpg 1440w, https:\/\/pasteur.ind.br\/wp-content\/uploads\/2022\/10\/produtos-300x104.jpg 300w, https:\/\/pasteur.ind.br\/wp-content\/uploads\/2022\/10\/produtos-1024x356.jpg 1024w, https:\/\/pasteur.ind.br\/wp-content\/uploads\/2022\/10\/produtos-768x267.jpg 768w\" sizes=\"(max-width: 1440px) 100vw, 1440px\" \/><\/figure>\n\n\n<div class=\"is-layout-flow wp-block-group banner-text\"><div class=\"wp-block-group__inner-container\">\n<h1>Nuestros Productos<\/h1>\n\n\n\n<p>Expertos en el desarrollo de cosm\u00e9ticos<\/p>\n<\/div><\/div>\n<\/div><\/div>\n\n\n\n<section class=\"is-layout-flow wp-block-group guide2\"><div class=\"wp-block-group__inner-container\">\n<p class=\"block-text\">Pasteur Cosmiatria ofrece completas y exclusivas l\u00edneas de productos. Nuestras formulaciones son dermatol\u00f3gicamente probadas, hipoalerg\u00e9nicas, \u201ccruelty-free\u201d (no testadas en animales), sin ingredientes socialmente indeseables, las cuales satisfacen eficazmente las necesidades de la piel del rostro y cuerpo.<br><br>Es nuestro compromiso ofrecer \u00fanicamente productos con rendimiento efectivo.<\/p>\n<\/div><\/section>\n\n\n\n<section class=\"is-layout-flow wp-block-group guide2\"><div class=\"wp-block-group__inner-container\">\n<figure class=\"is-layout-flex wp-block-gallery-4 wp-block-gallery has-nested-images columns-default is-cropped produtos-gallery\">\n<figure class=\"wp-block-image size-large gallery-legend\"><a href=\".\/produtos\/linha-solar\"><img decoding=\"async\" loading=\"lazy\" width=\"308\" height=\"308\" src=\"http:\/\/pasteur.ind.br\/wp-content\/uploads\/2022\/09\/home-linha-solar.png\" alt=\"\" class=\"wp-image-597\" srcset=\"https:\/\/pasteur.ind.br\/wp-content\/uploads\/2022\/09\/home-linha-solar.png 308w, https:\/\/pasteur.ind.br\/wp-content\/uploads\/2022\/09\/home-linha-solar-300x300.png 300w, https:\/\/pasteur.ind.br\/wp-content\/uploads\/2022\/09\/home-linha-solar-150x150.png 150w\" sizes=\"(max-width: 308px) 100vw, 308px\" \/><\/a><figcaption class=\"wp-element-caption\">\n<span class=\"shadow\"><\/span>\n<span>L\u00ednea Solar<\/span>\n<\/figcaption><\/figure>\n\n\n\n<figure class=\"wp-block-image size-large\"><a href=\".\/produtos\/linha-facial\"><img decoding=\"async\" loading=\"lazy\" width=\"308\" height=\"308\" src=\"http:\/\/pasteur.ind.br\/wp-content\/uploads\/2022\/09\/home-linha-facial.png\" alt=\"\" class=\"wp-image-593\" srcset=\"https:\/\/pasteur.ind.br\/wp-content\/uploads\/2022\/09\/home-linha-facial.png 308w, https:\/\/pasteur.ind.br\/wp-content\/uploads\/2022\/09\/home-linha-facial-300x300.png 300w, https:\/\/pasteur.ind.br\/wp-content\/uploads\/2022\/09\/home-linha-facial-150x150.png 150w\" sizes=\"(max-width: 308px) 100vw, 308px\" \/><\/a><figcaption class=\"wp-element-caption\"><span class=\"shadow\"><\/span><span>L\u00ednea Facial<\/span> <\/figcaption><\/figure>\n\n\n\n<figure class=\"wp-block-image size-large\"><a href=\".\/produtos\/linha-oleosa-e-acneica\"><img decoding=\"async\" loading=\"lazy\" width=\"308\" height=\"308\" src=\"http:\/\/pasteur.ind.br\/wp-content\/uploads\/2022\/09\/home-linha-oleosa-acneica.png\" alt=\"\" class=\"wp-image-596\" srcset=\"https:\/\/pasteur.ind.br\/wp-content\/uploads\/2022\/09\/home-linha-oleosa-acneica.png 308w, https:\/\/pasteur.ind.br\/wp-content\/uploads\/2022\/09\/home-linha-oleosa-acneica-300x300.png 300w, https:\/\/pasteur.ind.br\/wp-content\/uploads\/2022\/09\/home-linha-oleosa-acneica-150x150.png 150w\" sizes=\"(max-width: 308px) 100vw, 308px\" \/><\/a><figcaption class=\"wp-element-caption\"> <span class=\"shadow\"><\/span><span>Control del aceite y acn\u00e9<\/span> <\/figcaption><\/figure>\n\n\n\n<figure class=\"wp-block-image size-large\"><a href=\".\/produtos\/linha-corporal\"><img decoding=\"async\" loading=\"lazy\" width=\"308\" height=\"308\" src=\"http:\/\/pasteur.ind.br\/wp-content\/uploads\/2022\/09\/home-linha-corporal.png\" alt=\"\" class=\"wp-image-594\" srcset=\"https:\/\/pasteur.ind.br\/wp-content\/uploads\/2022\/09\/home-linha-corporal.png 308w, https:\/\/pasteur.ind.br\/wp-content\/uploads\/2022\/09\/home-linha-corporal-300x300.png 300w, https:\/\/pasteur.ind.br\/wp-content\/uploads\/2022\/09\/home-linha-corporal-150x150.png 150w\" sizes=\"(max-width: 308px) 100vw, 308px\" \/><\/a><figcaption class=\"wp-element-caption\"> <span class=\"shadow\"><\/span> <span>L\u00ednea Corporal<\/span> <\/figcaption><\/figure>\n\n\n\n<figure class=\"wp-block-image size-large\"><a href=\".\/produtos\/linha-para-maos\"><img decoding=\"async\" loading=\"lazy\" width=\"308\" height=\"308\" src=\"http:\/\/pasteur.ind.br\/wp-content\/uploads\/2022\/09\/home-linha-maos.png\" alt=\"\" class=\"wp-image-595\" srcset=\"https:\/\/pasteur.ind.br\/wp-content\/uploads\/2022\/09\/home-linha-maos.png 308w, https:\/\/pasteur.ind.br\/wp-content\/uploads\/2022\/09\/home-linha-maos-300x300.png 300w, https:\/\/pasteur.ind.br\/wp-content\/uploads\/2022\/09\/home-linha-maos-150x150.png 150w\" sizes=\"(max-width: 308px) 100vw, 308px\" \/><\/a><figcaption class=\"wp-element-caption\"> <span class=\"shadow\"><\/span> <span>L\u00ednea para Manos<\/span> <\/figcaption><\/figure>\n\n\n\n<figure class=\"wp-block-image size-large\"><a href=\".\/produtos\/linha-capilar\"><img decoding=\"async\" loading=\"lazy\" width=\"308\" height=\"308\" src=\"http:\/\/pasteur.ind.br\/wp-content\/uploads\/2022\/09\/home-linha-capilar.png\" alt=\"\" class=\"wp-image-592\" srcset=\"https:\/\/pasteur.ind.br\/wp-content\/uploads\/2022\/09\/home-linha-capilar.png 308w, https:\/\/pasteur.ind.br\/wp-content\/uploads\/2022\/09\/home-linha-capilar-300x300.png 300w, https:\/\/pasteur.ind.br\/wp-content\/uploads\/2022\/09\/home-linha-capilar-150x150.png 150w\" sizes=\"(max-width: 308px) 100vw, 308px\" \/><\/a><figcaption class=\"wp-element-caption\"> <span class=\"shadow\"><\/span> <span>L\u00ednea para Cabellos<\/span> <\/figcaption><\/figure>\n<\/figure>\n<\/div><\/section>\n\n\n\n<section class=\"is-layout-flow wp-block-group guide1\"><div class=\"wp-block-group__inner-container\">\n<div class=\"is-layout-flex wp-block-buttons\">\n<div class=\"wp-block-button btn-contact\"><a class=\"wp-block-button__link wp-element-button\" href=\".\/contato\/\" style=\"border-radius:0px\"><img decoding=\"async\" loading=\"lazy\" width=\"90\" height=\"78\" class=\"wp-image-459\" style=\"width: 90px;\" src=\"http:\/\/pasteur.ind.br\/wp-content\/uploads\/2022\/09\/btn-form.png\" alt=\"\"><span>\u00bfTienes un Proyecto?\n\u00a1D\u00e9janos ayudarte!<\/span><\/a><\/div>\n<\/div>\n<\/div><\/section>\n","protected":false},"excerpt":{"rendered":"<p>Nuestros Productos Expertos en el desarrollo de cosm\u00e9ticos Pasteur Cosmiatria ofrece completas y exclusivas l\u00edneas de productos. Nuestras formulaciones son dermatol\u00f3gicamente probadas, hipoalerg\u00e9nicas, \u201ccruelty-free\u201d (no testadas en animales), sin ingredientes socialmente indeseables, las cuales satisfacen eficazmente las necesidades de la piel del rostro y cuerpo. Es nuestro compromiso ofrecer \u00fanicamente productos con rendimiento efectivo.<\/p>\n","protected":false},"author":1,"featured_media":1248,"parent":0,"menu_order":3,"comment_status":"closed","ping_status":"closed","template":"","meta":[],"yoast_head":"<!-- This site is optimized with the Yoast SEO plugin v19.10 - https:\/\/yoast.com\/wordpress\/plugins\/seo\/ -->\n<title>Produtos - Pasteur\u00a0<\/title>\n<meta name=\"robots\" content=\"index, follow, max-snippet:-1, max-image-preview:large, max-video-preview:-1\" \/>\n<link rel=\"canonical\" href=\"https:\/\/pasteur.ind.br\/produtos\/\" \/>\n<meta property=\"og:locale\" content=\"es_ES\" \/>\n<meta property=\"og:type\" content=\"article\" \/>\n<meta property=\"og:title\" content=\"Produtos\" \/>\n<meta property=\"og:description\" content=\"Nuestros Productos Expertos en el desarrollo de cosm\u00e9ticos Pasteur Cosmiatria ofrece completas y exclusivas l\u00edneas de productos. Nuestras formulaciones son dermatol\u00f3gicamente probadas, hipoalerg\u00e9nicas, \u201ccruelty-free\u201d (no testadas en animales), sin ingredientes socialmente indeseables, las cuales satisfacen eficazmente las necesidades de la piel del rostro y cuerpo. Es nuestro compromiso ofrecer \u00fanicamente productos con rendimiento efectivo.\" \/>\n<meta property=\"og:url\" content=\"https:\/\/pasteur.ind.br\/produtos\/\" \/>\n<meta property=\"og:site_name\" content=\"Pasteur\u00a0\" \/>\n<meta property=\"article:modified_time\" content=\"2023-02-23T19:27:45+00:00\" \/>\n<meta property=\"og:image\" content=\"https:\/\/pasteur.ind.br\/wp-content\/uploads\/2022\/10\/produtos.jpg\" \/>\n\t<meta property=\"og:image:width\" content=\"1440\" \/>\n\t<meta property=\"og:image:height\" content=\"500\" \/>\n\t<meta property=\"og:image:type\" content=\"image\/jpeg\" \/>\n<meta name=\"twitter:card\" content=\"summary_large_image\" \/>\n<meta name=\"twitter:label1\" content=\"Est. reading time\" \/>\n\t<meta name=\"twitter:data1\" content=\"2 minutos\" \/>\n<script type=\"application\/ld+json\" class=\"yoast-schema-graph\">{\"@context\":\"https:\/\/schema.org\",\"@graph\":[{\"@type\":\"WebPage\",\"@id\":\"https:\/\/pasteur.ind.br\/produtos\/\",\"url\":\"https:\/\/pasteur.ind.br\/produtos\/\",\"name\":\"[:pt]Produtos[:] - Pasteur\u00a0\",\"isPartOf\":{\"@id\":\"https:\/\/pasteur.ind.br\/#website\"},\"datePublished\":\"2022-09-17T20:39:24+00:00\",\"dateModified\":\"2023-02-23T19:27:45+00:00\",\"inLanguage\":\"es-ES\",\"potentialAction\":[{\"@type\":\"ReadAction\",\"target\":[\"https:\/\/pasteur.ind.br\/produtos\/\"]}]},{\"@type\":\"WebSite\",\"@id\":\"https:\/\/pasteur.ind.br\/#website\",\"url\":\"https:\/\/pasteur.ind.br\/\",\"name\":\"Pasteur\u00a0\",\"description\":\"S\u00f3 mais um site WordPress\",\"potentialAction\":[{\"@type\":\"SearchAction\",\"target\":{\"@type\":\"EntryPoint\",\"urlTemplate\":\"https:\/\/pasteur.ind.br\/?s={search_term_string}\"},\"query-input\":\"required name=search_term_string\"}],\"inLanguage\":\"es-ES\"}]}<\/script>\n<!-- \/ Yoast SEO plugin. -->","yoast_head_json":{"title":"Produtos - Pasteur\u00a0","robots":{"index":"index","follow":"follow","max-snippet":"max-snippet:-1","max-image-preview":"max-image-preview:large","max-video-preview":"max-video-preview:-1"},"canonical":"https:\/\/pasteur.ind.br\/produtos\/","og_locale":"es_ES","og_type":"article","og_title":"[:pt]Produtos[:] - Pasteur\u00a0","og_description":"Nuestros Productos Expertos en el desarrollo de cosm\u00e9ticos Pasteur Cosmiatria ofrece completas y exclusivas l\u00edneas de productos. Nuestras formulaciones son dermatol\u00f3gicamente probadas, hipoalerg\u00e9nicas, \u201ccruelty-free\u201d (no testadas en animales), sin ingredientes socialmente indeseables, las cuales satisfacen eficazmente las necesidades de la piel del rostro y cuerpo. Es nuestro compromiso ofrecer \u00fanicamente productos con rendimiento efectivo.","og_url":"https:\/\/pasteur.ind.br\/produtos\/","og_site_name":"Pasteur\u00a0","article_modified_time":"2023-02-23T19:27:45+00:00","og_image":[{"width":1440,"height":500,"url":"https:\/\/pasteur.ind.br\/wp-content\/uploads\/2022\/10\/produtos.jpg","type":"image\/jpeg"}],"twitter_card":"summary_large_image","twitter_misc":{"Est. reading time":"2 minutos"},"schema":{"@context":"https:\/\/schema.org","@graph":[{"@type":"WebPage","@id":"https:\/\/pasteur.ind.br\/produtos\/","url":"https:\/\/pasteur.ind.br\/produtos\/","name":"[:pt]Produtos[:] - Pasteur\u00a0","isPartOf":{"@id":"https:\/\/pasteur.ind.br\/#website"},"datePublished":"2022-09-17T20:39:24+00:00","dateModified":"2023-02-23T19:27:45+00:00","inLanguage":"es-ES","potentialAction":[{"@type":"ReadAction","target":["https:\/\/pasteur.ind.br\/produtos\/"]}]},{"@type":"WebSite","@id":"https:\/\/pasteur.ind.br\/#website","url":"https:\/\/pasteur.ind.br\/","name":"Pasteur\u00a0","description":"S\u00f3 mais um site WordPress","potentialAction":[{"@type":"SearchAction","target":{"@type":"EntryPoint","urlTemplate":"https:\/\/pasteur.ind.br\/?s={search_term_string}"},"query-input":"required name=search_term_string"}],"inLanguage":"es-ES"}]}},"_links":{"self":[{"href":"https:\/\/pasteur.ind.br\/es\/wp-json\/wp\/v2\/pages\/12"}],"collection":[{"href":"https:\/\/pasteur.ind.br\/es\/wp-json\/wp\/v2\/pages"}],"about":[{"href":"https:\/\/pasteur.ind.br\/es\/wp-json\/wp\/v2\/types\/page"}],"author":[{"embeddable":true,"href":"https:\/\/pasteur.ind.br\/es\/wp-json\/wp\/v2\/users\/1"}],"replies":[{"embeddable":true,"href":"https:\/\/pasteur.ind.br\/es\/wp-json\/wp\/v2\/comments?post=12"}],"version-history":[{"count":67,"href":"https:\/\/pasteur.ind.br\/es\/wp-json\/wp\/v2\/pages\/12\/revisions"}],"predecessor-version":[{"id":2468,"href":"https:\/\/pasteur.ind.br\/es\/wp-json\/wp\/v2\/pages\/12\/revisions\/2468"}],"wp:featuredmedia":[{"embeddable":true,"href":"https:\/\/pasteur.ind.br\/es\/wp-json\/wp\/v2\/media\/1248"}],"wp:attachment":[{"href":"https:\/\/pasteur.ind.br\/es\/wp-json\/wp\/v2\/media?parent=12"}],"curies":[{"name":"wp","href":"https:\/\/api.w.org\/{rel}","templated":true}]}}