{"id":1233,"date":"2022-10-12T16:16:03","date_gmt":"2022-10-12T19:16:03","guid":{"rendered":"http:\/\/pasteur.ind.br\/?page_id=1233"},"modified":"2023-02-05T09:33:42","modified_gmt":"2023-02-05T12:33:42","slug":"shampoos","status":"publish","type":"page","link":"https:\/\/pasteur.ind.br\/es\/produtos\/linha-capilar\/shampoos\/","title":{"rendered":"Shampoos"},"content":{"rendered":"\n<div class=\"is-layout-flow wp-block-group featured-banner\"><div class=\"wp-block-group__inner-container\"><figure class=\"wp-block-post-featured-image\"><img width=\"1440\" height=\"500\" src=\"https:\/\/pasteur.ind.br\/wp-content\/uploads\/2022\/10\/linhacapilar_shampoos_pasteur_.jpg\" class=\"attachment-post-thumbnail size-post-thumbnail wp-post-image\" alt=\"\" decoding=\"async\" loading=\"lazy\" srcset=\"https:\/\/pasteur.ind.br\/wp-content\/uploads\/2022\/10\/linhacapilar_shampoos_pasteur_.jpg 1440w, https:\/\/pasteur.ind.br\/wp-content\/uploads\/2022\/10\/linhacapilar_shampoos_pasteur_-300x104.jpg 300w, https:\/\/pasteur.ind.br\/wp-content\/uploads\/2022\/10\/linhacapilar_shampoos_pasteur_-1024x356.jpg 1024w, https:\/\/pasteur.ind.br\/wp-content\/uploads\/2022\/10\/linhacapilar_shampoos_pasteur_-768x267.jpg 768w\" sizes=\"(max-width: 1440px) 100vw, 1440px\" \/><\/figure>\n\n\n<div class=\"is-layout-flow wp-block-group banner-text\"><div class=\"wp-block-group__inner-container\">\n<h1>Champ\u00fas<\/h1>\n\n\n\n<p>L\u00ednea Capilar<\/p>\n<\/div><\/div>\n<\/div><\/div>\n\n\n\n<section class=\"is-layout-flow wp-block-group guide2 block-text\"><div class=\"wp-block-group__inner-container\">\n<p>Nuestras formulas limpian suavemente sin da\u00f1ar o resecar, a la vez que nutren y resuenan la hidrataci\u00f3n de los cabellos. Contienen activos ligeros que mantienen la prote\u00edna y la humedad natural del cabello.<\/p>\n<\/div><\/section>\n\n\n\n<section class=\"is-layout-flow wp-block-group guide2 grid-cosmetic\"><div class=\"wp-block-group__inner-container\">\n<h3>Formas Cosm\u00e9ticas<\/h3>\n\n\n\n<div class=\"is-layout-flex wp-container-6 wp-block-columns itens2\">\n<div class=\"is-layout-flow wp-block-column\">\n<figure class=\"wp-block-image size-full\"><img decoding=\"async\" loading=\"lazy\" width=\"174\" height=\"173\" src=\"http:\/\/pasteur.ind.br\/wp-content\/uploads\/2022\/10\/emulsoes-2.png\" alt=\"\" class=\"wp-image-1563\"\/><figcaption class=\"wp-element-caption\">Emulsiones<\/figcaption><\/figure>\n<\/div>\n\n\n\n<div class=\"is-layout-flow wp-block-column\">\n<figure class=\"wp-block-image size-full\"><img decoding=\"async\" loading=\"lazy\" width=\"176\" height=\"176\" src=\"http:\/\/pasteur.ind.br\/wp-content\/uploads\/2022\/10\/geis-1.png\" alt=\"\" class=\"wp-image-1496\"\/><figcaption class=\"wp-element-caption\">Geles<\/figcaption><\/figure>\n<\/div>\n<\/div>\n<\/div><\/section>\n\n\n\n<section class=\"is-layout-flow wp-block-group guide2 list-topics\"><div class=\"wp-block-group__inner-container\">\n<h3>Aplicaciones<\/h3>\n\n\n\n<ul>\n<li>Cabellos Lisos<\/li>\n\n\n\n<li>Cabellos Rizados<\/li>\n\n\n\n<li>Nutrici\u00f3n<\/li>\n\n\n\n<li>Restauraci\u00f3n<\/li>\n\n\n\n<li>Anti-Efecto Anaranjado<\/li>\n\n\n\n<li>Anti-Residuos<\/li>\n<\/ul>\n<\/div><\/section>\n\n\n\n<section class=\"is-layout-flow wp-block-group guide1\"><div class=\"wp-block-group__inner-container\">\n<div class=\"is-layout-flex wp-block-buttons\">\n<div class=\"wp-block-button btn-contact\"><a class=\"wp-block-button__link wp-element-button\" href=\".\/contato\/\" style=\"border-radius:0px\"><img decoding=\"async\" loading=\"lazy\" width=\"90\" height=\"78\" class=\"wp-image-459\" style=\"width: 90px;\" src=\"http:\/\/pasteur.ind.br\/wp-content\/uploads\/2022\/09\/btn-form.png\" alt=\"\"><span>\u00bfTienes un Proyecto? \u00a1D\u00e9janos ayudarte!<\/span><\/a><\/div>\n<\/div>\n<\/div><\/section>\n","protected":false},"excerpt":{"rendered":"<p>Champ\u00fas L\u00ednea Capilar Nuestras formulas limpian suavemente sin da\u00f1ar o resecar, a la vez que nutren y resuenan la hidrataci\u00f3n de los cabellos. Contienen activos ligeros que mantienen la prote\u00edna y la humedad natural del cabello. Formas Cosm\u00e9ticas Aplicaciones<\/p>\n","protected":false},"author":1,"featured_media":1307,"parent":1069,"menu_order":0,"comment_status":"closed","ping_status":"closed","template":"","meta":[],"yoast_head":"<!-- This site is optimized with the Yoast SEO plugin v19.10 - https:\/\/yoast.com\/wordpress\/plugins\/seo\/ -->\n<title>Shampoos - Pasteur\u00a0<\/title>\n<meta name=\"robots\" content=\"index, follow, max-snippet:-1, max-image-preview:large, max-video-preview:-1\" \/>\n<link rel=\"canonical\" href=\"https:\/\/pasteur.ind.br\/produtos\/linha-capilar\/shampoos\/\" \/>\n<meta property=\"og:locale\" content=\"es_ES\" \/>\n<meta property=\"og:type\" content=\"article\" \/>\n<meta property=\"og:title\" content=\"Shampoos\" \/>\n<meta property=\"og:description\" content=\"Champ\u00fas L\u00ednea Capilar Nuestras formulas limpian suavemente sin da\u00f1ar o resecar, a la vez que nutren y resuenan la hidrataci\u00f3n de los cabellos. Contienen activos ligeros que mantienen la prote\u00edna y la humedad natural del cabello. Formas Cosm\u00e9ticas Aplicaciones\" \/>\n<meta property=\"og:url\" content=\"https:\/\/pasteur.ind.br\/produtos\/linha-capilar\/shampoos\/\" \/>\n<meta property=\"og:site_name\" content=\"Pasteur\u00a0\" \/>\n<meta property=\"article:modified_time\" content=\"2023-02-05T12:33:42+00:00\" \/>\n<meta property=\"og:image\" content=\"https:\/\/pasteur.ind.br\/wp-content\/uploads\/2022\/10\/linhacapilar_shampoos_pasteur_.jpg\" \/>\n\t<meta property=\"og:image:width\" content=\"1440\" \/>\n\t<meta property=\"og:image:height\" content=\"500\" \/>\n\t<meta property=\"og:image:type\" content=\"image\/jpeg\" \/>\n<meta name=\"twitter:card\" content=\"summary_large_image\" \/>\n<meta name=\"twitter:label1\" content=\"Est. reading time\" \/>\n\t<meta name=\"twitter:data1\" content=\"1 minuto\" \/>\n<script type=\"application\/ld+json\" class=\"yoast-schema-graph\">{\"@context\":\"https:\/\/schema.org\",\"@graph\":[{\"@type\":\"WebPage\",\"@id\":\"https:\/\/pasteur.ind.br\/produtos\/linha-capilar\/shampoos\/\",\"url\":\"https:\/\/pasteur.ind.br\/produtos\/linha-capilar\/shampoos\/\",\"name\":\"[:pt]Shampoos[:] - Pasteur\u00a0\",\"isPartOf\":{\"@id\":\"https:\/\/pasteur.ind.br\/#website\"},\"datePublished\":\"2022-10-12T19:16:03+00:00\",\"dateModified\":\"2023-02-05T12:33:42+00:00\",\"breadcrumb\":{\"@id\":\"https:\/\/pasteur.ind.br\/produtos\/linha-capilar\/shampoos\/#breadcrumb\"},\"inLanguage\":\"es-ES\",\"potentialAction\":[{\"@type\":\"ReadAction\",\"target\":[\"https:\/\/pasteur.ind.br\/produtos\/linha-capilar\/shampoos\/\"]}]},{\"@type\":\"BreadcrumbList\",\"@id\":\"https:\/\/pasteur.ind.br\/produtos\/linha-capilar\/shampoos\/#breadcrumb\",\"itemListElement\":[{\"@type\":\"ListItem\",\"position\":1,\"name\":\"Produtos\",\"item\":\"https:\/\/pasteur.ind.br\/produtos\/\"},{\"@type\":\"ListItem\",\"position\":2,\"name\":\"Linha capilar\",\"item\":\"https:\/\/pasteur.ind.br\/produtos\/linha-capilar\/\"},{\"@type\":\"ListItem\",\"position\":3,\"name\":\"Shampoos\"}]},{\"@type\":\"WebSite\",\"@id\":\"https:\/\/pasteur.ind.br\/#website\",\"url\":\"https:\/\/pasteur.ind.br\/\",\"name\":\"Pasteur\u00a0\",\"description\":\"S\u00f3 mais um site WordPress\",\"potentialAction\":[{\"@type\":\"SearchAction\",\"target\":{\"@type\":\"EntryPoint\",\"urlTemplate\":\"https:\/\/pasteur.ind.br\/?s={search_term_string}\"},\"query-input\":\"required name=search_term_string\"}],\"inLanguage\":\"es-ES\"}]}<\/script>\n<!-- \/ Yoast SEO plugin. -->","yoast_head_json":{"title":"Shampoos - Pasteur\u00a0","robots":{"index":"index","follow":"follow","max-snippet":"max-snippet:-1","max-image-preview":"max-image-preview:large","max-video-preview":"max-video-preview:-1"},"canonical":"https:\/\/pasteur.ind.br\/produtos\/linha-capilar\/shampoos\/","og_locale":"es_ES","og_type":"article","og_title":"[:pt]Shampoos[:] - Pasteur\u00a0","og_description":"Champ\u00fas L\u00ednea Capilar Nuestras formulas limpian suavemente sin da\u00f1ar o resecar, a la vez que nutren y resuenan la hidrataci\u00f3n de los cabellos. Contienen activos ligeros que mantienen la prote\u00edna y la humedad natural del cabello. Formas Cosm\u00e9ticas Aplicaciones","og_url":"https:\/\/pasteur.ind.br\/produtos\/linha-capilar\/shampoos\/","og_site_name":"Pasteur\u00a0","article_modified_time":"2023-02-05T12:33:42+00:00","og_image":[{"width":1440,"height":500,"url":"https:\/\/pasteur.ind.br\/wp-content\/uploads\/2022\/10\/linhacapilar_shampoos_pasteur_.jpg","type":"image\/jpeg"}],"twitter_card":"summary_large_image","twitter_misc":{"Est. reading time":"1 minuto"},"schema":{"@context":"https:\/\/schema.org","@graph":[{"@type":"WebPage","@id":"https:\/\/pasteur.ind.br\/produtos\/linha-capilar\/shampoos\/","url":"https:\/\/pasteur.ind.br\/produtos\/linha-capilar\/shampoos\/","name":"[:pt]Shampoos[:] - Pasteur\u00a0","isPartOf":{"@id":"https:\/\/pasteur.ind.br\/#website"},"datePublished":"2022-10-12T19:16:03+00:00","dateModified":"2023-02-05T12:33:42+00:00","breadcrumb":{"@id":"https:\/\/pasteur.ind.br\/produtos\/linha-capilar\/shampoos\/#breadcrumb"},"inLanguage":"es-ES","potentialAction":[{"@type":"ReadAction","target":["https:\/\/pasteur.ind.br\/produtos\/linha-capilar\/shampoos\/"]}]},{"@type":"BreadcrumbList","@id":"https:\/\/pasteur.ind.br\/produtos\/linha-capilar\/shampoos\/#breadcrumb","itemListElement":[{"@type":"ListItem","position":1,"name":"Produtos","item":"https:\/\/pasteur.ind.br\/produtos\/"},{"@type":"ListItem","position":2,"name":"Linha capilar","item":"https:\/\/pasteur.ind.br\/produtos\/linha-capilar\/"},{"@type":"ListItem","position":3,"name":"Shampoos"}]},{"@type":"WebSite","@id":"https:\/\/pasteur.ind.br\/#website","url":"https:\/\/pasteur.ind.br\/","name":"Pasteur\u00a0","description":"S\u00f3 mais um site WordPress","potentialAction":[{"@type":"SearchAction","target":{"@type":"EntryPoint","urlTemplate":"https:\/\/pasteur.ind.br\/?s={search_term_string}"},"query-input":"required name=search_term_string"}],"inLanguage":"es-ES"}]}},"_links":{"self":[{"href":"https:\/\/pasteur.ind.br\/es\/wp-json\/wp\/v2\/pages\/1233"}],"collection":[{"href":"https:\/\/pasteur.ind.br\/es\/wp-json\/wp\/v2\/pages"}],"about":[{"href":"https:\/\/pasteur.ind.br\/es\/wp-json\/wp\/v2\/types\/page"}],"author":[{"embeddable":true,"href":"https:\/\/pasteur.ind.br\/es\/wp-json\/wp\/v2\/users\/1"}],"replies":[{"embeddable":true,"href":"https:\/\/pasteur.ind.br\/es\/wp-json\/wp\/v2\/comments?post=1233"}],"version-history":[{"count":11,"href":"https:\/\/pasteur.ind.br\/es\/wp-json\/wp\/v2\/pages\/1233\/revisions"}],"predecessor-version":[{"id":2395,"href":"https:\/\/pasteur.ind.br\/es\/wp-json\/wp\/v2\/pages\/1233\/revisions\/2395"}],"up":[{"embeddable":true,"href":"https:\/\/pasteur.ind.br\/es\/wp-json\/wp\/v2\/pages\/1069"}],"wp:featuredmedia":[{"embeddable":true,"href":"https:\/\/pasteur.ind.br\/es\/wp-json\/wp\/v2\/media\/1307"}],"wp:attachment":[{"href":"https:\/\/pasteur.ind.br\/es\/wp-json\/wp\/v2\/media?parent=1233"}],"curies":[{"name":"wp","href":"https:\/\/api.w.org\/{rel}","templated":true}]}}