{"id":1237,"date":"2022-10-12T16:18:42","date_gmt":"2022-10-12T19:18:42","guid":{"rendered":"http:\/\/pasteur.ind.br\/?page_id=1237"},"modified":"2023-03-09T11:14:53","modified_gmt":"2023-03-09T14:14:53","slug":"tratamentos","status":"publish","type":"page","link":"https:\/\/pasteur.ind.br\/es\/produtos\/linha-capilar\/tratamentos\/","title":{"rendered":"Tratamentos"},"content":{"rendered":"\n<div class=\"is-layout-flow wp-block-group featured-banner\"><div class=\"wp-block-group__inner-container\"><figure class=\"wp-block-post-featured-image\"><img width=\"1440\" height=\"500\" src=\"https:\/\/pasteur.ind.br\/wp-content\/uploads\/2022\/10\/linhacapilar_tratamentos_pasteur_.jpg\" class=\"attachment-post-thumbnail size-post-thumbnail wp-post-image\" alt=\"\" decoding=\"async\" loading=\"lazy\" srcset=\"https:\/\/pasteur.ind.br\/wp-content\/uploads\/2022\/10\/linhacapilar_tratamentos_pasteur_.jpg 1440w, https:\/\/pasteur.ind.br\/wp-content\/uploads\/2022\/10\/linhacapilar_tratamentos_pasteur_-300x104.jpg 300w, https:\/\/pasteur.ind.br\/wp-content\/uploads\/2022\/10\/linhacapilar_tratamentos_pasteur_-1024x356.jpg 1024w, https:\/\/pasteur.ind.br\/wp-content\/uploads\/2022\/10\/linhacapilar_tratamentos_pasteur_-768x267.jpg 768w\" sizes=\"(max-width: 1440px) 100vw, 1440px\" \/><\/figure>\n\n\n<div class=\"is-layout-flow wp-block-group banner-text\"><div class=\"wp-block-group__inner-container\">\n<h1>Tratamiento Capilar<\/h1>\n\n\n\n<p>L\u00ednea Capilar<\/p>\n<\/div><\/div>\n<\/div><\/div>\n\n\n\n<section class=\"is-layout-flow wp-block-group guide2 block-text\"><div class=\"wp-block-group__inner-container\">\n<p>Nuestras formulas contienen activos poderosos que reconstruyen y reparan el pelo, aportando resistencia contra da\u00f1os y roturas, bien como reestructurando los cabellos desde la ra\u00edz hasta las puntas.<\/p>\n<\/div><\/section>\n\n\n\n<section class=\"is-layout-flow wp-block-group guide2 grid-cosmetic\"><div class=\"wp-block-group__inner-container\">\n<h3>Formas Cosm\u00e9ticas<\/h3>\n\n\n\n<div class=\"is-layout-flex wp-container-6 wp-block-columns itens2\">\n<div class=\"is-layout-flow wp-block-column\">\n<figure class=\"wp-block-image size-full\"><img decoding=\"async\" loading=\"lazy\" width=\"174\" height=\"173\" src=\"http:\/\/pasteur.ind.br\/wp-content\/uploads\/2022\/10\/cremes.png\" alt=\"\" class=\"wp-image-1103\" srcset=\"https:\/\/pasteur.ind.br\/wp-content\/uploads\/2022\/10\/cremes.png 174w, https:\/\/pasteur.ind.br\/wp-content\/uploads\/2022\/10\/cremes-150x150.png 150w\" sizes=\"(max-width: 174px) 100vw, 174px\" \/><figcaption class=\"wp-element-caption\">Cremas<\/figcaption><\/figure>\n<\/div>\n\n\n\n<div class=\"is-layout-flow wp-block-column\">\n<figure class=\"wp-block-image size-full\"><img decoding=\"async\" loading=\"lazy\" width=\"174\" height=\"173\" src=\"http:\/\/pasteur.ind.br\/wp-content\/uploads\/2022\/10\/locoes-1.png\" alt=\"\" class=\"wp-image-1528\"\/><figcaption class=\"wp-element-caption\">Lociones<\/figcaption><\/figure>\n<\/div>\n<\/div>\n<\/div><\/section>\n\n\n\n<section class=\"is-layout-flow wp-block-group guide2 list-topics\"><div class=\"wp-block-group__inner-container\">\n<h3>Productos<\/h3>\n\n\n\n<ul>\n<li>Mascarillas<\/li>\n\n\n\n<li>Keratina Liquida<\/li>\n<\/ul>\n<\/div><\/section>\n\n\n\n<section class=\"is-layout-flow wp-block-group guide1\"><div class=\"wp-block-group__inner-container\">\n<div class=\"is-layout-flex wp-block-buttons\">\n<div class=\"wp-block-button btn-contact\"><a class=\"wp-block-button__link wp-element-button\" href=\".\/contato\/\" style=\"border-radius:0px\"><img decoding=\"async\" loading=\"lazy\" width=\"90\" height=\"78\" class=\"wp-image-459\" style=\"width: 90px;\" src=\"http:\/\/pasteur.ind.br\/wp-content\/uploads\/2022\/09\/btn-form.png\" alt=\"\"><span>\u00bfTienes un Proyecto? \u00a1D\u00e9janos ayudarte!<\/span><\/a><\/div>\n<\/div>\n<\/div><\/section>\n","protected":false},"excerpt":{"rendered":"<p>Tratamiento Capilar L\u00ednea Capilar Nuestras formulas contienen activos poderosos que reconstruyen y reparan el pelo, aportando resistencia contra da\u00f1os y roturas, bien como reestructurando los cabellos desde la ra\u00edz hasta las puntas. Formas Cosm\u00e9ticas Productos<\/p>\n","protected":false},"author":1,"featured_media":1329,"parent":1069,"menu_order":0,"comment_status":"closed","ping_status":"closed","template":"","meta":[],"yoast_head":"<!-- This site is optimized with the Yoast SEO plugin v19.10 - https:\/\/yoast.com\/wordpress\/plugins\/seo\/ -->\n<title>Tratamentos - Pasteur\u00a0<\/title>\n<meta name=\"robots\" content=\"index, follow, max-snippet:-1, max-image-preview:large, max-video-preview:-1\" \/>\n<link rel=\"canonical\" href=\"https:\/\/pasteur.ind.br\/produtos\/linha-capilar\/tratamentos\/\" \/>\n<meta property=\"og:locale\" content=\"es_ES\" \/>\n<meta property=\"og:type\" content=\"article\" \/>\n<meta property=\"og:title\" content=\"Tratamentos\" \/>\n<meta property=\"og:description\" content=\"Tratamiento Capilar L\u00ednea Capilar Nuestras formulas contienen activos poderosos que reconstruyen y reparan el pelo, aportando resistencia contra da\u00f1os y roturas, bien como reestructurando los cabellos desde la ra\u00edz hasta las puntas. Formas Cosm\u00e9ticas Productos\" \/>\n<meta property=\"og:url\" content=\"https:\/\/pasteur.ind.br\/produtos\/linha-capilar\/tratamentos\/\" \/>\n<meta property=\"og:site_name\" content=\"Pasteur\u00a0\" \/>\n<meta property=\"article:modified_time\" content=\"2023-03-09T14:14:53+00:00\" \/>\n<meta property=\"og:image\" content=\"https:\/\/pasteur.ind.br\/wp-content\/uploads\/2022\/10\/linhacapilar_tratamentos_pasteur_.jpg\" \/>\n\t<meta property=\"og:image:width\" content=\"1440\" \/>\n\t<meta property=\"og:image:height\" content=\"500\" \/>\n\t<meta property=\"og:image:type\" content=\"image\/jpeg\" \/>\n<meta name=\"twitter:card\" content=\"summary_large_image\" \/>\n<meta name=\"twitter:label1\" content=\"Est. reading time\" \/>\n\t<meta name=\"twitter:data1\" content=\"1 minuto\" \/>\n<script type=\"application\/ld+json\" class=\"yoast-schema-graph\">{\"@context\":\"https:\/\/schema.org\",\"@graph\":[{\"@type\":\"WebPage\",\"@id\":\"https:\/\/pasteur.ind.br\/produtos\/linha-capilar\/tratamentos\/\",\"url\":\"https:\/\/pasteur.ind.br\/produtos\/linha-capilar\/tratamentos\/\",\"name\":\"[:pt]Tratamentos[:] - Pasteur\u00a0\",\"isPartOf\":{\"@id\":\"https:\/\/pasteur.ind.br\/#website\"},\"datePublished\":\"2022-10-12T19:18:42+00:00\",\"dateModified\":\"2023-03-09T14:14:53+00:00\",\"breadcrumb\":{\"@id\":\"https:\/\/pasteur.ind.br\/produtos\/linha-capilar\/tratamentos\/#breadcrumb\"},\"inLanguage\":\"es-ES\",\"potentialAction\":[{\"@type\":\"ReadAction\",\"target\":[\"https:\/\/pasteur.ind.br\/produtos\/linha-capilar\/tratamentos\/\"]}]},{\"@type\":\"BreadcrumbList\",\"@id\":\"https:\/\/pasteur.ind.br\/produtos\/linha-capilar\/tratamentos\/#breadcrumb\",\"itemListElement\":[{\"@type\":\"ListItem\",\"position\":1,\"name\":\"Produtos\",\"item\":\"https:\/\/pasteur.ind.br\/produtos\/\"},{\"@type\":\"ListItem\",\"position\":2,\"name\":\"Linha capilar\",\"item\":\"https:\/\/pasteur.ind.br\/produtos\/linha-capilar\/\"},{\"@type\":\"ListItem\",\"position\":3,\"name\":\"Tratamentos\"}]},{\"@type\":\"WebSite\",\"@id\":\"https:\/\/pasteur.ind.br\/#website\",\"url\":\"https:\/\/pasteur.ind.br\/\",\"name\":\"Pasteur\u00a0\",\"description\":\"S\u00f3 mais um site WordPress\",\"potentialAction\":[{\"@type\":\"SearchAction\",\"target\":{\"@type\":\"EntryPoint\",\"urlTemplate\":\"https:\/\/pasteur.ind.br\/?s={search_term_string}\"},\"query-input\":\"required name=search_term_string\"}],\"inLanguage\":\"es-ES\"}]}<\/script>\n<!-- \/ Yoast SEO plugin. -->","yoast_head_json":{"title":"Tratamentos - Pasteur\u00a0","robots":{"index":"index","follow":"follow","max-snippet":"max-snippet:-1","max-image-preview":"max-image-preview:large","max-video-preview":"max-video-preview:-1"},"canonical":"https:\/\/pasteur.ind.br\/produtos\/linha-capilar\/tratamentos\/","og_locale":"es_ES","og_type":"article","og_title":"[:pt]Tratamentos[:] - Pasteur\u00a0","og_description":"Tratamiento Capilar L\u00ednea Capilar Nuestras formulas contienen activos poderosos que reconstruyen y reparan el pelo, aportando resistencia contra da\u00f1os y roturas, bien como reestructurando los cabellos desde la ra\u00edz hasta las puntas. Formas Cosm\u00e9ticas Productos","og_url":"https:\/\/pasteur.ind.br\/produtos\/linha-capilar\/tratamentos\/","og_site_name":"Pasteur\u00a0","article_modified_time":"2023-03-09T14:14:53+00:00","og_image":[{"width":1440,"height":500,"url":"https:\/\/pasteur.ind.br\/wp-content\/uploads\/2022\/10\/linhacapilar_tratamentos_pasteur_.jpg","type":"image\/jpeg"}],"twitter_card":"summary_large_image","twitter_misc":{"Est. reading time":"1 minuto"},"schema":{"@context":"https:\/\/schema.org","@graph":[{"@type":"WebPage","@id":"https:\/\/pasteur.ind.br\/produtos\/linha-capilar\/tratamentos\/","url":"https:\/\/pasteur.ind.br\/produtos\/linha-capilar\/tratamentos\/","name":"[:pt]Tratamentos[:] - Pasteur\u00a0","isPartOf":{"@id":"https:\/\/pasteur.ind.br\/#website"},"datePublished":"2022-10-12T19:18:42+00:00","dateModified":"2023-03-09T14:14:53+00:00","breadcrumb":{"@id":"https:\/\/pasteur.ind.br\/produtos\/linha-capilar\/tratamentos\/#breadcrumb"},"inLanguage":"es-ES","potentialAction":[{"@type":"ReadAction","target":["https:\/\/pasteur.ind.br\/produtos\/linha-capilar\/tratamentos\/"]}]},{"@type":"BreadcrumbList","@id":"https:\/\/pasteur.ind.br\/produtos\/linha-capilar\/tratamentos\/#breadcrumb","itemListElement":[{"@type":"ListItem","position":1,"name":"Produtos","item":"https:\/\/pasteur.ind.br\/produtos\/"},{"@type":"ListItem","position":2,"name":"Linha capilar","item":"https:\/\/pasteur.ind.br\/produtos\/linha-capilar\/"},{"@type":"ListItem","position":3,"name":"Tratamentos"}]},{"@type":"WebSite","@id":"https:\/\/pasteur.ind.br\/#website","url":"https:\/\/pasteur.ind.br\/","name":"Pasteur\u00a0","description":"S\u00f3 mais um site WordPress","potentialAction":[{"@type":"SearchAction","target":{"@type":"EntryPoint","urlTemplate":"https:\/\/pasteur.ind.br\/?s={search_term_string}"},"query-input":"required name=search_term_string"}],"inLanguage":"es-ES"}]}},"_links":{"self":[{"href":"https:\/\/pasteur.ind.br\/es\/wp-json\/wp\/v2\/pages\/1237"}],"collection":[{"href":"https:\/\/pasteur.ind.br\/es\/wp-json\/wp\/v2\/pages"}],"about":[{"href":"https:\/\/pasteur.ind.br\/es\/wp-json\/wp\/v2\/types\/page"}],"author":[{"embeddable":true,"href":"https:\/\/pasteur.ind.br\/es\/wp-json\/wp\/v2\/users\/1"}],"replies":[{"embeddable":true,"href":"https:\/\/pasteur.ind.br\/es\/wp-json\/wp\/v2\/comments?post=1237"}],"version-history":[{"count":12,"href":"https:\/\/pasteur.ind.br\/es\/wp-json\/wp\/v2\/pages\/1237\/revisions"}],"predecessor-version":[{"id":2511,"href":"https:\/\/pasteur.ind.br\/es\/wp-json\/wp\/v2\/pages\/1237\/revisions\/2511"}],"up":[{"embeddable":true,"href":"https:\/\/pasteur.ind.br\/es\/wp-json\/wp\/v2\/pages\/1069"}],"wp:featuredmedia":[{"embeddable":true,"href":"https:\/\/pasteur.ind.br\/es\/wp-json\/wp\/v2\/media\/1329"}],"wp:attachment":[{"href":"https:\/\/pasteur.ind.br\/es\/wp-json\/wp\/v2\/media?parent=1237"}],"curies":[{"name":"wp","href":"https:\/\/api.w.org\/{rel}","templated":true}]}}