{"id":1576,"date":"2022-10-22T18:42:43","date_gmt":"2022-10-22T21:42:43","guid":{"rendered":"http:\/\/pasteur.ind.br\/?page_id=1576"},"modified":"2023-03-10T18:04:01","modified_gmt":"2023-03-10T21:04:01","slug":"politica-privacidade","status":"publish","type":"page","link":"https:\/\/pasteur.ind.br\/es\/politica-privacidade\/","title":{"rendered":"Pol\u00edtica Privacidade"},"content":{"rendered":"\n<div class=\"is-layout-flow wp-block-group featured-banner\"><div class=\"wp-block-group__inner-container\"><figure class=\"wp-block-post-featured-image\"><img width=\"1440\" height=\"500\" src=\"https:\/\/pasteur.ind.br\/wp-content\/uploads\/2022\/10\/politicadeprivacidade_pasteur.jpg\" class=\"attachment-post-thumbnail size-post-thumbnail wp-post-image\" alt=\"\" decoding=\"async\" loading=\"lazy\" srcset=\"https:\/\/pasteur.ind.br\/wp-content\/uploads\/2022\/10\/politicadeprivacidade_pasteur.jpg 1440w, https:\/\/pasteur.ind.br\/wp-content\/uploads\/2022\/10\/politicadeprivacidade_pasteur-300x104.jpg 300w, https:\/\/pasteur.ind.br\/wp-content\/uploads\/2022\/10\/politicadeprivacidade_pasteur-1024x356.jpg 1024w, https:\/\/pasteur.ind.br\/wp-content\/uploads\/2022\/10\/politicadeprivacidade_pasteur-768x267.jpg 768w\" sizes=\"(max-width: 1440px) 100vw, 1440px\" \/><\/figure>\n\n\n<div class=\"is-layout-flow wp-block-group banner-text\"><div class=\"wp-block-group__inner-container\">\n<h1>Pol\u00edtica de Privacidade<\/h1>\n<\/div><\/div>\n<\/div><\/div>\n\n\n\n<section class=\"is-layout-flow wp-block-group guide2\"><div class=\"wp-block-group__inner-container\">\n<h2>Introdu\u00e7\u00e3o.<\/h2>\n\n\n\n<p>O Instituto Pasteur de Cosmiatria Ltda. (\u201cPasteur\u201d) tem o compromisso de respeitar a privacidade e a prote\u00e7\u00e3o de seus dados pessoais. Nesse contexto, criamos a presente Pol\u00edtica de Privacidade para explicar com clareza e transpar\u00eancia como captamos e utilizamos seus dados ao interagir com nossa plataforma, bem como quais os direitos que voc\u00ea tem sobre eles e como pode exerc\u00ea-los.<\/p>\n\n\n\n<p>Informamos que o acesso aos seus dados estar\u00e1 limitado apenas a colaboradores autorizados e treinados para tratar seus dados pessoais, submetidos a compromisso de confidencialidade, com exce\u00e7\u00e3o dos casos em que o compartilhamento seja necess\u00e1rio para cumprimento de lei ou for requisitado por voc\u00ea.<\/p>\n\n\n\n<p>\u00c9 importante que voc\u00ea fa\u00e7a uma leitura atenta desta Pol\u00edtica de Privacidade para compreender todos os crit\u00e9rios de tratamento dos seus dados pessoais. Ao utilizar a nossa plataforma e fornecer os seus dados, voc\u00ea concorda e se vincula a esta Pol\u00edtica e suas eventuais altera\u00e7\u00f5es.<\/p>\n\n\n\n<p>Se ap\u00f3s a leitura desta Pol\u00edtica voc\u00ea ainda tiver qualquer d\u00favida ou, por qualquer raz\u00e3o, precisar se comunicar conosco para assuntos envolvendo os seus dados pessoais, voc\u00ea pode entrar em contato atrav\u00e9s do e-mail institucional <a href=\"mailto:faleconosco@pasteur.ind.br\" target=\"_blank\" rel=\"noreferrer noopener\">faleconosco@pasteur.ind.br<\/a>.<\/p>\n\n\n\n<p>Ao aceitar nossa pol\u00edtica de privacidade, voc\u00ea:<\/p>\n\n\n\n<ul>\n<li>Consente com o uso de cookies sempre que acessa nosso site. Os cookies podem ser exclu\u00eddos por voc\u00ea a qualquer momento, ou n\u00e3o autorizados assim que voc\u00ea entra em nosso site. \u00c9 importante ressaltar que os cookies n\u00e3o possuem nenhuma informa\u00e7\u00e3o pessoal sua.<\/li>\n\n\n\n<li>Cede os direitos autorais e autoriza a publica\u00e7\u00e3o de elogios feitos por voc\u00ea em nossas redes sociais, ou enviados pelo site <a href=\"http:\/\/pasteur.ind.br\/\" target=\"_blank\" rel=\"noreferrer noopener\">http:\/\/pasteur.ind.br\/<\/a>.<\/li>\n<\/ul>\n\n\n\n<ul>\n<li>Autoriza a coleta, armazenamento, utiliza\u00e7\u00e3o e an\u00e1lise dos seguintes dados:\n<ul>\n<li>Endere\u00e7o do IP de seu computador;<\/li>\n\n\n\n<li>Sua localiza\u00e7\u00e3o geogr\u00e1fica;<\/li>\n\n\n\n<li>Browser utilizado ao acessar nosso site (vers\u00e3o e sistema operacional);<\/li>\n\n\n\n<li>Sua perman\u00eancia, dura\u00e7\u00e3o da sua visita em nosso site e caminho de navega\u00e7\u00e3o;<\/li>\n\n\n\n<li>Informa\u00e7\u00f5es que voc\u00ea inserir nos formul\u00e1rios de nosso site;<\/li>\n\n\n\n<li>Qualquer outra informa\u00e7\u00e3o pessoal que voc\u00ea nos envie pelo nosso site ou nossas redes sociais;<\/li>\n\n\n\n<li>Coment\u00e1rios e publica\u00e7\u00f5es em nossas redes sociais, incluindo seu nome de usu\u00e1rio, fotos de perfil e o conte\u00fado de suas publica\u00e7\u00f5es;<\/li>\n\n\n\n<li>Produtos que voc\u00ea compra em nosso site;<\/li>\n\n\n\n<li>Informa\u00e7\u00f5es contidas em quaisquer comunica\u00e7\u00f5es que voc\u00ea nos envie por e-mail ou atrav\u00e9s de nosso site, incluindo o conte\u00fado e os metadados da comunica\u00e7\u00e3o<\/li>\n<\/ul>\n<\/li>\n<\/ul>\n\n\n\n<p><strong>Outras observa\u00e7\u00f5es relevantes<\/strong><\/p>\n\n\n\n<ul>\n<li>As suas informa\u00e7\u00f5es N\u00c3O ser\u00e3o fornecidas a parceiros ou terceiros em geral;<\/li>\n\n\n\n<li>No nosso site existem links para sites de terceiros, entretanto, n\u00e3o temos controle e nem responsabilidade sobre sites de terceiros;<\/li>\n\n\n\n<li>Suas informa\u00e7\u00f5es s\u00f3 poder\u00e3o ser divulgadas mediante obriga\u00e7\u00e3o por lei ou para defender nossos direitos;<\/li>\n\n\n\n<li>A maioria dos navegadores (Internet Explorer, Firefox, Chrome etc) permite que voc\u00ea recuse\/bloqueie e apague os cookies. Por\u00e9m, o bloqueio dos cookies impactar\u00e1 negativamente na navega\u00e7\u00e3o em nosso site;<\/li>\n\n\n\n<li>Voc\u00ea est\u00e1 ciente que a transmiss\u00e3o de informa\u00e7\u00f5es pela internet \u00e9 inerentemente insegura e, por conta disso, n\u00e3o podemos garantir a seguran\u00e7a dos dados enviados pela internet;<\/li>\n\n\n\n<li>Voc\u00ea pode solicitar o envio das informa\u00e7\u00f5es pessoais que temos sobre voc\u00ea a qualquer momento. Estas informa\u00e7\u00f5es ser\u00e3o enviadas em formato PDF para o seu endere\u00e7o eletr\u00f4nico de email<\/li>\n<\/ul>\n\n\n\n<p><strong>Gloss\u00e1rio<\/strong><\/p>\n\n\n\n<p>Nos termos da Lei n\u00ba 13.709\/2018, conhecida como Lei Geral de Prote\u00e7\u00e3o de Dados, considera-se:<\/p>\n\n\n\n<p>Dados pessoais: s\u00e3o informa\u00e7\u00f5es que tornem identific\u00e1vel a pessoa natural (exemplos: nome, endere\u00e7o, idade, estado civil, CPF, RG, endere\u00e7o eletr\u00f4nico, dados de localiza\u00e7\u00e3o, entre outros);<\/p>\n\n\n\n<p>Dados de pessoas sens\u00edveis: informa\u00e7\u00f5es de pessoas naturais relacionadas \u00e0 origem racial ou \u00e9tnica, religi\u00e3o, pol\u00edtica, sa\u00fade ou orienta\u00e7\u00e3o sexual, dado gen\u00e9tico ou biom\u00e9trico;<\/p>\n\n\n\n<p>Titular\/Usu\u00e1rio: pessoa natural detentora dos dados pessoais que s\u00e3o objeto de tratamento. Para fins desta Pol\u00edtica, voc\u00ea \u00e9 considerado titular de dados pessoais e usu\u00e1rio desta plataforma;<\/p>\n\n\n\n<p>Controlador: organiza\u00e7\u00e3o que, sozinha ou em conjunto, realiza o tratamento dos seus dados, determina as finalidades e a maneira pela qual seus dados pessoais ser\u00e3o processados. Para fins desta Pol\u00edtica, a Pasteur \u00e9 considerada controladora;<\/p>\n\n\n\n<p>Operador: pessoa natural ou jur\u00eddica, de direito p\u00fablico ou privado, que realiza o tratamento de dados pessoais em nome do controlador;<\/p>\n\n\n\n<p>Encarregado: pessoa indicada pelo controlador e operador para atuar como canal de comunica\u00e7\u00e3o entre o controlador, os titulares dos dados e a Autoridade Nacional de Prote\u00e7\u00e3o de Dados (ANPD);<\/p>\n\n\n\n<p>Tratamento de dados: o tratamento de dados compreende toda e qualquer opera\u00e7\u00e3o realizada com dados pessoais, que tenham o objetivo de coleta, produ\u00e7\u00e3o, recep\u00e7\u00e3o, classifica\u00e7\u00e3o, utiliza\u00e7\u00e3o, acesso, reprodu\u00e7\u00e3o, transmiss\u00e3o, distribui\u00e7\u00e3o, processamento, arquivamento, armazenamento, elimina\u00e7\u00e3o, controle, modifica\u00e7\u00e3o, comunica\u00e7\u00e3o, transfer\u00eancia, difus\u00e3o ou extra\u00e7\u00e3o de dados.<\/p>\n\n\n\n<p><strong>Uso de Dados Pessoais<\/strong><\/p>\n\n\n\n<p>A Pasteur informa que coleta dados pessoais que lhe identificam, fornecidos por voc\u00ea atrav\u00e9s dos meios habilitados para tal efeito nesta plataforma, exclusivamente para as seguintes finalidades:<\/p>\n\n\n\n<p>&#8211; Informa\u00e7\u00f5es sobre dispositivos: para cumprirmos com obriga\u00e7\u00f5es legais, coletamos informa\u00e7\u00f5es sobre dispositivos, como IP, data e hora de acesso \u00e0 plataforma.<\/p>\n\n\n\n<p>N\u00e3o realizamos tratamento de dados pessoais captados por meio desta plataforma com finalidade diversa das acima elencadas, sendo expressamente vedada a utiliza\u00e7\u00e3o de dados pessoais para fins il\u00edcitos ou a sua comercializa\u00e7\u00e3o.<\/p>\n\n\n\n<p><strong>Direitos do Titular de Dados<\/strong><\/p>\n\n\n\n<p>Nos termos da Lei Geral de Prote\u00e7\u00e3o de Dados, voc\u00ea poder\u00e1, a qualquer momento, exercer seus direitos relacionados ao tratamento de dados pessoais, confirmando a exist\u00eancia deste tratamento, solicitando a anonimiza\u00e7\u00e3o, o bloqueio ou a elimina\u00e7\u00e3o de dados desnecess\u00e1rios, excessivos ou tratados em desconformidade com a legisla\u00e7\u00e3o.<\/p>\n\n\n\n<p>Ainda, se voc\u00ea tiver consentido com o nosso processamento de dados pessoais, poder\u00e1 optar por retir\u00e1-lo a qualquer momento e gratuitamente ou at\u00e9 mesmo de solicitar sua exclus\u00e3o, a menos que sejamos obrigados a reter esses dados para cumprir uma obriga\u00e7\u00e3o legal.<\/p>\n\n\n\n<p>Al\u00e9m disso, como titular de dados, voc\u00ea poder\u00e1 exercer os seus direitos de atualiza\u00e7\u00e3o, acesso, retifica\u00e7\u00e3o, supress\u00e3o, oposi\u00e7\u00e3o e portabilidade e o direito de solicitar a limita\u00e7\u00e3o do tratamento dos seus dados pessoais. Para exerc\u00edcio dos seus direitos e acesso a mais informa\u00e7\u00f5es sobre o tratamento dos seus dados pessoais ou sobre termos desta Pol\u00edtica, envie e-mail, intitulado \u201cQuestionamento acerca da Pol\u00edtica de Privacidade\u201d, para o endere\u00e7o eletr\u00f4nico <a>faleconosco@pasteur.ind.br<\/a>.<\/p>\n\n\n\n<p>Voc\u00ea tamb\u00e9m pode enviar uma mensagem \u00e0 Autoridade Nacional de Prote\u00e7\u00e3o de Dados (ANPD).<\/p>\n\n\n\n<p><strong>Coleta e Tratamento de Dados<\/strong><\/p>\n\n\n\n<p>De acordo com as bases legais previstas na Lei Geral de Prote\u00e7\u00e3o de Dados, seus dados pessoais poder\u00e3o ser coletados e tratados, em determinadas situa\u00e7\u00f5es, independentemente do seu consentimento.&nbsp;<\/p>\n\n\n\n<p>Atualmente, coletamos seu consentimento nesta plataforma t\u00e3o somente para os tratamentos relacionados a:<\/p>\n\n\n\n<ul>\n<li>Melhorias em nosso site (navegabilidade, conte\u00fado, entre outros);<\/li>\n\n\n\n<li>Melhorias em nossos produtos e neg\u00f3cios;<\/li>\n\n\n\n<li>Envio de e-mail marketing, mediante sua autoriza\u00e7\u00e3o ao enviar o formul\u00e1rio, sendo que este envio pode ser cancelado por voc\u00ea a qualquer momento;<\/li>\n\n\n\n<li>Envio de SMS ou WhatsApp, mediante sua autoriza\u00e7\u00e3o, sendo que este envio pode ser cancelado por voc\u00ea a qualquer momento;<\/li>\n\n\n\n<li>Envio de brindes;<\/li>\n\n\n\n<li>Comunica\u00e7\u00e3o de promo\u00e7\u00f5es e eventos;<\/li>\n\n\n\n<li>Esclarecimento de d\u00favidas e atendimento a reclama\u00e7\u00f5es enviadas por voc\u00ea.<\/li>\n<\/ul>\n\n\n\n<p><strong>Conserva\u00e7\u00e3o dos Dados<\/strong><\/p>\n\n\n\n<p>Os dados pessoais fornecidos nesta plataforma ser\u00e3o conservados durante o per\u00edodo que seja necess\u00e1rio para cumprimento das finalidades acima descritas, para efeitos de garantia do cumprimento das obriga\u00e7\u00f5es legais ou para o exerc\u00edcio regular de nossos direitos.<\/p>\n\n\n\n<p>Assim, estruturamos nossas opera\u00e7\u00f5es para que seus dados pessoais n\u00e3o sejam mantidos de maneira identificada por mais tempo que o necess\u00e1rio.<\/p>\n\n\n\n<p><strong>Seguran\u00e7a de Dados<\/strong><\/p>\n\n\n\n<p>Nos preocupamos em garantir a seguran\u00e7a e a confidencialidade das informa\u00e7\u00f5es e dados pessoais que voc\u00ea nos fornece. Por essa raz\u00e3o, implementamos medidas t\u00e9cnicas para resguardar os dados pessoais sob nosso controle, protegendo-os de acessos n\u00e3o autorizados, destrui\u00e7\u00e3o, perda, altera\u00e7\u00e3o, comunica\u00e7\u00e3o ou qualquer forma de tratamento inadequado ou il\u00edcito.<\/p>\n\n\n\n<p>Todavia, n\u00e3o podemos garantir que qualquer informa\u00e7\u00e3o, durante a transmiss\u00e3o ou enquanto estiver armazenada em nossos sistemas, estar\u00e1 absolutamente protegida da intrus\u00e3o de terceiros. Havendo qualquer suspeita de que seus dados pessoais est\u00e3o em risco, entre em contato conosco imediatamente atrav\u00e9s do email <a href=\"mailto:faleconosco@pasteur.ind.br\" target=\"_blank\" rel=\"noreferrer noopener\">faleconosco@pasteur.ind.br<\/a>.<\/p>\n\n\n\n<p>Ressalta-se que, como forma de promover maior facilidade e intera\u00e7\u00e3o em nossa plataforma, a Pasteur poder\u00e1 fornecer links para outras plataformas do navegador, plug-ins e aplicativos de terceiros. Ao optar por estes acessos, conex\u00f5es poder\u00e3o ser habilitadas de forma a permitir que terceiros coletem ou compartilhem dados sobre voc\u00ea. A Pasteur n\u00e3o se responsabiliza por demais plataformas e conte\u00fados e, ainda, n\u00e3o compartilha, subscreve, monitora, valida ou aceita a forma como estas extens\u00f5es coletam, processam e transferem suas informa\u00e7\u00f5es pessoais e privadas.<\/p>\n\n\n\n<p>Ao sair de nossa plataforma, recomenda-se que voc\u00ea leia a Pol\u00edtica de Privacidade de cada extens\u00e3o que voc\u00ea visitar.<\/p>\n\n\n\n<p>Nossa Pol\u00edtica de Privacidade poder\u00e1 ser alterada a qualquer tempo. Eventuais atualiza\u00e7\u00f5es ser\u00e3o publicadas nesta plataforma. Por favor verifique ocasionalmente esta p\u00e1gina.<\/p>\n<\/div><\/section>\n","protected":false},"excerpt":{"rendered":"<p>Pol\u00edtica de Privacidade Introdu\u00e7\u00e3o. O Instituto Pasteur de Cosmiatria Ltda. (\u201cPasteur\u201d) tem o compromisso de respeitar a privacidade e a prote\u00e7\u00e3o de seus dados pessoais. Nesse contexto, criamos a presente Pol\u00edtica de Privacidade para explicar com clareza e transpar\u00eancia como captamos e utilizamos seus dados ao interagir com nossa plataforma, bem como quais os direitos [&hellip;]<\/p>\n","protected":false},"author":1,"featured_media":1582,"parent":0,"menu_order":0,"comment_status":"closed","ping_status":"closed","template":"","meta":[],"yoast_head":"<!-- This site is optimized with the Yoast SEO plugin v19.10 - https:\/\/yoast.com\/wordpress\/plugins\/seo\/ -->\n<title>Pol\u00edtica Privacidade - Pasteur\u00a0<\/title>\n<meta name=\"robots\" content=\"index, follow, max-snippet:-1, max-image-preview:large, max-video-preview:-1\" \/>\n<link rel=\"canonical\" href=\"https:\/\/pasteur.ind.br\/politica-privacidade\/\" \/>\n<meta property=\"og:locale\" content=\"es_ES\" \/>\n<meta property=\"og:type\" content=\"article\" \/>\n<meta property=\"og:title\" content=\"Pol\u00edtica Privacidade\" \/>\n<meta property=\"og:description\" content=\"Pol\u00edtica de Privacidade Introdu\u00e7\u00e3o. O Instituto Pasteur de Cosmiatria Ltda. (\u201cPasteur\u201d) tem o compromisso de respeitar a privacidade e a prote\u00e7\u00e3o de seus dados pessoais. Nesse contexto, criamos a presente Pol\u00edtica de Privacidade para explicar com clareza e transpar\u00eancia como captamos e utilizamos seus dados ao interagir com nossa plataforma, bem como quais os direitos [&hellip;]\" \/>\n<meta property=\"og:url\" content=\"https:\/\/pasteur.ind.br\/politica-privacidade\/\" \/>\n<meta property=\"og:site_name\" content=\"Pasteur\u00a0\" \/>\n<meta property=\"article:modified_time\" content=\"2023-03-10T21:04:01+00:00\" \/>\n<meta property=\"og:image\" content=\"https:\/\/pasteur.ind.br\/wp-content\/uploads\/2022\/10\/politicadeprivacidade_pasteur.jpg\" \/>\n\t<meta property=\"og:image:width\" content=\"1440\" \/>\n\t<meta property=\"og:image:height\" content=\"500\" \/>\n\t<meta property=\"og:image:type\" content=\"image\/jpeg\" \/>\n<meta name=\"twitter:card\" content=\"summary_large_image\" \/>\n<meta name=\"twitter:label1\" content=\"Est. reading time\" \/>\n\t<meta name=\"twitter:data1\" content=\"8 minutos\" \/>\n<script type=\"application\/ld+json\" class=\"yoast-schema-graph\">{\"@context\":\"https:\/\/schema.org\",\"@graph\":[{\"@type\":\"WebPage\",\"@id\":\"https:\/\/pasteur.ind.br\/politica-privacidade\/\",\"url\":\"https:\/\/pasteur.ind.br\/politica-privacidade\/\",\"name\":\"[:pt]Pol\u00edtica Privacidade[:en]Pol\u00edtica Privacidade[:] - Pasteur\u00a0\",\"isPartOf\":{\"@id\":\"https:\/\/pasteur.ind.br\/#website\"},\"datePublished\":\"2022-10-22T21:42:43+00:00\",\"dateModified\":\"2023-03-10T21:04:01+00:00\",\"inLanguage\":\"es-ES\",\"potentialAction\":[{\"@type\":\"ReadAction\",\"target\":[\"https:\/\/pasteur.ind.br\/politica-privacidade\/\"]}]},{\"@type\":\"WebSite\",\"@id\":\"https:\/\/pasteur.ind.br\/#website\",\"url\":\"https:\/\/pasteur.ind.br\/\",\"name\":\"Pasteur\u00a0\",\"description\":\"S\u00f3 mais um site WordPress\",\"potentialAction\":[{\"@type\":\"SearchAction\",\"target\":{\"@type\":\"EntryPoint\",\"urlTemplate\":\"https:\/\/pasteur.ind.br\/?s={search_term_string}\"},\"query-input\":\"required name=search_term_string\"}],\"inLanguage\":\"es-ES\"}]}<\/script>\n<!-- \/ Yoast SEO plugin. -->","yoast_head_json":{"title":"Pol\u00edtica Privacidade - Pasteur\u00a0","robots":{"index":"index","follow":"follow","max-snippet":"max-snippet:-1","max-image-preview":"max-image-preview:large","max-video-preview":"max-video-preview:-1"},"canonical":"https:\/\/pasteur.ind.br\/politica-privacidade\/","og_locale":"es_ES","og_type":"article","og_title":"[:pt]Pol\u00edtica Privacidade[:en]Pol\u00edtica Privacidade[:] - Pasteur\u00a0","og_description":"Pol\u00edtica de Privacidade Introdu\u00e7\u00e3o. O Instituto Pasteur de Cosmiatria Ltda. (\u201cPasteur\u201d) tem o compromisso de respeitar a privacidade e a prote\u00e7\u00e3o de seus dados pessoais. Nesse contexto, criamos a presente Pol\u00edtica de Privacidade para explicar com clareza e transpar\u00eancia como captamos e utilizamos seus dados ao interagir com nossa plataforma, bem como quais os direitos [&hellip;]","og_url":"https:\/\/pasteur.ind.br\/politica-privacidade\/","og_site_name":"Pasteur\u00a0","article_modified_time":"2023-03-10T21:04:01+00:00","og_image":[{"width":1440,"height":500,"url":"https:\/\/pasteur.ind.br\/wp-content\/uploads\/2022\/10\/politicadeprivacidade_pasteur.jpg","type":"image\/jpeg"}],"twitter_card":"summary_large_image","twitter_misc":{"Est. reading time":"8 minutos"},"schema":{"@context":"https:\/\/schema.org","@graph":[{"@type":"WebPage","@id":"https:\/\/pasteur.ind.br\/politica-privacidade\/","url":"https:\/\/pasteur.ind.br\/politica-privacidade\/","name":"[:pt]Pol\u00edtica Privacidade[:en]Pol\u00edtica Privacidade[:] - Pasteur\u00a0","isPartOf":{"@id":"https:\/\/pasteur.ind.br\/#website"},"datePublished":"2022-10-22T21:42:43+00:00","dateModified":"2023-03-10T21:04:01+00:00","inLanguage":"es-ES","potentialAction":[{"@type":"ReadAction","target":["https:\/\/pasteur.ind.br\/politica-privacidade\/"]}]},{"@type":"WebSite","@id":"https:\/\/pasteur.ind.br\/#website","url":"https:\/\/pasteur.ind.br\/","name":"Pasteur\u00a0","description":"S\u00f3 mais um site WordPress","potentialAction":[{"@type":"SearchAction","target":{"@type":"EntryPoint","urlTemplate":"https:\/\/pasteur.ind.br\/?s={search_term_string}"},"query-input":"required name=search_term_string"}],"inLanguage":"es-ES"}]}},"_links":{"self":[{"href":"https:\/\/pasteur.ind.br\/es\/wp-json\/wp\/v2\/pages\/1576"}],"collection":[{"href":"https:\/\/pasteur.ind.br\/es\/wp-json\/wp\/v2\/pages"}],"about":[{"href":"https:\/\/pasteur.ind.br\/es\/wp-json\/wp\/v2\/types\/page"}],"author":[{"embeddable":true,"href":"https:\/\/pasteur.ind.br\/es\/wp-json\/wp\/v2\/users\/1"}],"replies":[{"embeddable":true,"href":"https:\/\/pasteur.ind.br\/es\/wp-json\/wp\/v2\/comments?post=1576"}],"version-history":[{"count":34,"href":"https:\/\/pasteur.ind.br\/es\/wp-json\/wp\/v2\/pages\/1576\/revisions"}],"predecessor-version":[{"id":2591,"href":"https:\/\/pasteur.ind.br\/es\/wp-json\/wp\/v2\/pages\/1576\/revisions\/2591"}],"wp:featuredmedia":[{"embeddable":true,"href":"https:\/\/pasteur.ind.br\/es\/wp-json\/wp\/v2\/media\/1582"}],"wp:attachment":[{"href":"https:\/\/pasteur.ind.br\/es\/wp-json\/wp\/v2\/media?parent=1576"}],"curies":[{"name":"wp","href":"https:\/\/api.w.org\/{rel}","templated":true}]}}