{"id":6,"date":"2022-09-17T17:25:22","date_gmt":"2022-09-17T20:25:22","guid":{"rendered":"http:\/\/pasteur.ind.br\/?page_id=6"},"modified":"2023-03-08T18:56:28","modified_gmt":"2023-03-08T21:56:28","slug":"empresa","status":"publish","type":"page","link":"https:\/\/pasteur.ind.br\/es\/empresa\/","title":{"rendered":"A Empresa"},"content":{"rendered":"\n<div class=\"is-layout-flow wp-block-group featured-banner\"><div class=\"wp-block-group__inner-container\"><figure class=\"wp-block-post-featured-image\"><img width=\"1440\" height=\"501\" src=\"https:\/\/pasteur.ind.br\/wp-content\/uploads\/2022\/09\/empresa.jpg\" class=\"attachment-post-thumbnail size-post-thumbnail wp-post-image\" alt=\"\" decoding=\"async\" loading=\"lazy\" srcset=\"https:\/\/pasteur.ind.br\/wp-content\/uploads\/2022\/09\/empresa.jpg 1440w, https:\/\/pasteur.ind.br\/wp-content\/uploads\/2022\/09\/empresa-300x104.jpg 300w, https:\/\/pasteur.ind.br\/wp-content\/uploads\/2022\/09\/empresa-1024x356.jpg 1024w, https:\/\/pasteur.ind.br\/wp-content\/uploads\/2022\/09\/empresa-768x267.jpg 768w\" sizes=\"(max-width: 1440px) 100vw, 1440px\" \/><\/figure>\n\n\n<div class=\"is-layout-flow wp-block-group banner-text\"><div class=\"wp-block-group__inner-container\">\n<h1>Nuestra historia<\/h1>\n\n\n\n<p>Nuestra Empresa<\/p>\n<\/div><\/div>\n<\/div><\/div>\n\n\n\n<section id=\"historia\" class=\"is-layout-flow wp-block-group guide2\"><div class=\"wp-block-group__inner-container\">\n<h2 class=\"page-title\">Todo empez\u00f3 en 1981<\/h2>\n\n\n\n<p class=\"block-text\">Pasteur fue creada para suplir la necesidad de productos m\u00e1s efectivos para el combate a las arugas, y en el rejuvenecimiento de la piel, que no estaban disponibles en Brasil en aquella \u00e9poca. <br>Todav\u00eda con una producci\u00f3n casera, el alto nivel de calidad y la excelente performance de sus productos hicieron con que r\u00e1pidamente surgiesen empresas interesadas en adici\u00f3nalos a sus portafolios.<br>La creciente demanda consolid\u00f3 a la Empresa como referencia en la fabricaci\u00f3n de dermocosmetica marca propria, de principio para los minoristas farmac\u00e9uticos y, posteriormente, para el seguimiento industrial.<br>Hoy en d\u00eda, Pasteur es fuertemente reconocida por la calidad de sus formulaciones, bien como por el excelente desempe\u00f1o de sus productos tanto en su funcionalidad, como en el sensorial, al aplicarlos en la piel. <br>Otro punto que destacar es la agilidad en sus procesos en el \u201ctime-to-market\u201d de los lanzamientos.<\/p>\n<\/div><\/section>\n\n\n\n<section class=\"is-layout-flow wp-block-group guide1\"><div class=\"wp-block-group__inner-container\">\n<section class=\"is-layout-flow wp-block-group guide1 gallery-company\"><div class=\"wp-block-group__inner-container\">\n<figure class=\"is-layout-flex wp-block-gallery-4 wp-block-gallery has-nested-images columns-3 swiper-wrapper\">\n<figure class=\"wp-block-image size-thumb-empresa swiper-slide\"><img decoding=\"async\" loading=\"lazy\" width=\"310\" height=\"310\" src=\"http:\/\/pasteur.ind.br\/wp-content\/uploads\/2022\/11\/empresa_carrossel1-310x310.jpg\" alt=\"\" class=\"wp-image-1925\"\/><\/figure>\n\n\n\n<figure class=\"wp-block-image size-thumb-empresa swiper-slide\"><img decoding=\"async\" loading=\"lazy\" width=\"310\" height=\"310\" src=\"http:\/\/pasteur.ind.br\/wp-content\/uploads\/2022\/11\/empresa_carrossel2-310x310.jpg\" alt=\"\" class=\"wp-image-1928\"\/><\/figure>\n\n\n\n<figure class=\"wp-block-image size-thumbnail swiper-slide\"><img decoding=\"async\" loading=\"lazy\" width=\"310\" height=\"310\" src=\"http:\/\/pasteur.ind.br\/wp-content\/uploads\/2022\/11\/institutopasteur-industria-116-310x310.jpg\" alt=\"\" class=\"wp-image-1878\"\/><\/figure>\n\n\n\n<figure class=\"wp-block-image size-thumbnail swiper-slide\"><img decoding=\"async\" loading=\"lazy\" width=\"310\" height=\"310\" src=\"http:\/\/pasteur.ind.br\/wp-content\/uploads\/2022\/11\/institutopasteur-industria-2-310x310.jpg\" alt=\"\" class=\"wp-image-1879\"\/><\/figure>\n\n\n\n<figure class=\"wp-block-image size-thumb-empresa swiper-slide\"><img decoding=\"async\" loading=\"lazy\" width=\"310\" height=\"310\" src=\"http:\/\/pasteur.ind.br\/wp-content\/uploads\/2022\/11\/empresa_carrossel5-t-310x310.jpg\" alt=\"\" class=\"wp-image-1930\"\/><\/figure>\n<\/figure>\n<\/div><\/section>\n<\/div><\/section>\n\n\n\n<section id=\"expertise\" class=\"is-layout-flow wp-block-group guide2 media-text\"><div class=\"wp-block-group__inner-container\">\n<div class=\"is-layout-flow wp-block-group left-image\"><div class=\"wp-block-group__inner-container\">\n<div class=\"rect-image\"><\/div>\n\n\n\n<figure class=\"wp-block-image size-full\"><img decoding=\"async\" loading=\"lazy\" width=\"460\" height=\"575\" src=\"http:\/\/pasteur.ind.br\/wp-content\/uploads\/2022\/09\/nossa-estrutura.jpg\" alt=\"\" class=\"wp-image-57\" srcset=\"https:\/\/pasteur.ind.br\/wp-content\/uploads\/2022\/09\/nossa-estrutura.jpg 460w, https:\/\/pasteur.ind.br\/wp-content\/uploads\/2022\/09\/nossa-estrutura-240x300.jpg 240w\" sizes=\"(max-width: 460px) 100vw, 460px\" \/><\/figure>\n<\/div><\/div>\n\n\n\n<div class=\"is-layout-flow wp-block-group right-text\"><div class=\"wp-block-group__inner-container\">\n<h3>Nuestra Estructura<\/h3>\n\n\n\n<p>Estamos ubicados en Porto Alegre, Rio Grande do Sul, Brasil, d\u00f3nde disponemos de estalaciones, equipos y procesos de los m\u00e1s altos est\u00e1ndares.<br>Nuestra completa estructura abarca las \u00e1reas de investigaci\u00f3n, desarrollo, ensayos, reglamentaci\u00f3n, ingeniar\u00eda, producci\u00f3n, log\u00edstica, calidad y atenci\u00f3n al cliente, administradas por un competente equipo de profesionales.<\/p>\n<\/div><\/div>\n<\/div><\/section>\n\n\n\n<section class=\"is-layout-flow wp-block-group full-width\"><div class=\"wp-block-group__inner-container\">\n<div class=\"is-layout-flow wp-block-group guide1\"><div class=\"wp-block-group__inner-container\">\n<div class=\"is-layout-flex wp-container-15 wp-block-columns steps\">\n<div class=\"is-layout-flow wp-block-column\">\n<h3>Productos<\/h3>\n\n\n\n<p>funcionales, de alto rendimiento y con un excelente sensorial<\/p>\n<\/div>\n\n\n\n<div class=\"is-layout-flow wp-block-column\">\n<h3>Ingredientes<\/h3>\n\n\n\n<p>de \u00faltima generaci\u00f3n, estamos siempre atentos a las nuevas tendencias.<\/p>\n<\/div>\n\n\n\n<div class=\"is-layout-flow wp-block-column\">\n<h3>Sostenibles<\/h3>\n\n\n\n<p>en todas nuestras elecciones, las cuales valoran la preservaci\u00f3n ambiental y nuestro entorno.<\/p>\n<\/div>\n\n\n\n<div class=\"is-layout-flow wp-block-column\">\n<h3>Agilidad<\/h3>\n\n\n\n<p>desde la creaci\u00f3n hasta la entrega de los productos.<\/p>\n<\/div>\n<\/div>\n<\/div><\/div>\n<\/div><\/section>\n\n\n\n<section class=\"is-layout-flow wp-block-group guide2 our-values\"><div class=\"wp-block-group__inner-container\">\n<h2 class=\"page-title\">Nuestros Valores<\/h2>\n\n\n\n<div class=\"wp-block-media-text alignwide is-stacked-on-mobile our-values-item\" style=\"grid-template-columns:15% auto\"><figure class=\"wp-block-media-text__media\"><img decoding=\"async\" loading=\"lazy\" width=\"95\" height=\"127\" src=\"http:\/\/pasteur.ind.br\/wp-content\/uploads\/2022\/09\/ser-humano.png\" alt=\"\" class=\"wp-image-315 size-full\"\/><\/figure><div class=\"wp-block-media-text__content\">\n<h3>Ser humano<\/h3>\n\n\n\n<p>Buscamos despertar en las personas el entusiasmo, uni\u00f3n y sinergia, valorando el trabajo en equipo y, de esta forma, proporcion\u00e1ndoles el crecimiento personal y profesional.<\/p>\n<\/div><\/div>\n\n\n\n<div class=\"wp-block-media-text alignwide is-stacked-on-mobile our-values-item\" style=\"grid-template-columns:15% auto\"><figure class=\"wp-block-media-text__media\"><img decoding=\"async\" loading=\"lazy\" width=\"127\" height=\"127\" src=\"http:\/\/pasteur.ind.br\/wp-content\/uploads\/2022\/09\/etica.png\" alt=\"\" class=\"wp-image-321 size-full\"\/><\/figure><div class=\"wp-block-media-text__content\">\n<h3>Principios morales<\/h3>\n\n\n\n<p>Nuestras acciones se basan en los principios de \u00e9tica y transparencia hacia los clientes, trabajadores, proveedores, gobierno, sociedad y medio ambiente.<\/p>\n<\/div><\/div>\n\n\n\n<div class=\"wp-block-media-text alignwide is-stacked-on-mobile our-values-item\" style=\"grid-template-columns:15% auto\"><figure class=\"wp-block-media-text__media\"><img decoding=\"async\" loading=\"lazy\" width=\"127\" height=\"95\" src=\"http:\/\/pasteur.ind.br\/wp-content\/uploads\/2022\/09\/resultados.png\" alt=\"\" class=\"wp-image-325 size-full\"\/><\/figure><div class=\"wp-block-media-text__content\">\n<h3>Resultados<\/h3>\n\n\n\n<p>Buscamos alcanzar nuestros objetivos constantemente, de forma sana y sostenible.<\/p>\n<\/div><\/div>\n\n\n\n<div class=\"wp-block-media-text alignwide is-stacked-on-mobile our-values-item\" style=\"grid-template-columns:15% auto\"><figure class=\"wp-block-media-text__media\"><img decoding=\"async\" loading=\"lazy\" width=\"95\" height=\"127\" src=\"http:\/\/pasteur.ind.br\/wp-content\/uploads\/2022\/09\/inovacao.png\" alt=\"\" class=\"wp-image-330 size-full\"\/><\/figure><div class=\"wp-block-media-text__content\">\n<h3>Innovaci\u00f3n<\/h3>\n\n\n\n<p>Con ideas simples y rompiendo paradigmas, estamos permanentemente en la b\u00fasqueda de hacerlo mejor, superando las expectativas de nuestros clientes.<\/p>\n<\/div><\/div>\n\n\n\n<div class=\"wp-block-media-text alignwide is-stacked-on-mobile our-values-item\" style=\"grid-template-columns:15% auto\"><figure class=\"wp-block-media-text__media\"><img decoding=\"async\" loading=\"lazy\" width=\"127\" height=\"95\" src=\"http:\/\/pasteur.ind.br\/wp-content\/uploads\/2022\/09\/agilidade.png\" alt=\"\" class=\"wp-image-329 size-full\"\/><\/figure><div class=\"wp-block-media-text__content\">\n<h3>Agilidad<\/h3>\n\n\n\n<p>Buenos planes y grandes ideas de nada sirven si no las ejecutamos de forma \u00e1gil, estructurada, asertiva y competente.<\/p>\n<\/div><\/div>\n<\/div><\/section>\n\n\n\n<section id=\"qualidade\" class=\"is-layout-flow wp-block-group guide2 media-text media-right\"><div class=\"wp-block-group__inner-container\">\n<div class=\"is-layout-flow wp-block-group left-text\"><div class=\"wp-block-group__inner-container\">\n<h3>Nuestra Pol\u00edtica de Calidad<\/h3>\n\n\n\n<p>Superar las expectativas de nuestros clientes con soluciones simples, creativas, eficientes y efectivas, mejor\u00e1ndolas continuamente.<br>Buscamos firmemente erradicar desperdicios, contribuyendo a la preservaci\u00f3n de los recursos existentes en nuestro planeta.<\/p>\n<\/div><\/div>\n\n\n\n<div class=\"is-layout-flow wp-block-group right-image\"><div class=\"wp-block-group__inner-container\">\n<div class=\"rect-image\"><\/div>\n\n\n\n<figure class=\"wp-block-image size-full\"><img decoding=\"async\" loading=\"lazy\" width=\"460\" height=\"460\" src=\"http:\/\/pasteur.ind.br\/wp-content\/uploads\/2022\/09\/nossa-politica.jpg\" alt=\"\" class=\"wp-image-172\" srcset=\"https:\/\/pasteur.ind.br\/wp-content\/uploads\/2022\/09\/nossa-politica.jpg 460w, https:\/\/pasteur.ind.br\/wp-content\/uploads\/2022\/09\/nossa-politica-300x300.jpg 300w, https:\/\/pasteur.ind.br\/wp-content\/uploads\/2022\/09\/nossa-politica-150x150.jpg 150w\" sizes=\"(max-width: 460px) 100vw, 460px\" \/><\/figure>\n<\/div><\/div>\n<\/div><\/section>\n","protected":false},"excerpt":{"rendered":"<p>Nuestra historia Nuestra Empresa Todo empez\u00f3 en 1981 Pasteur fue creada para suplir la necesidad de productos m\u00e1s efectivos para el combate a las arugas, y en el rejuvenecimiento de la piel, que no estaban disponibles en Brasil en aquella \u00e9poca. Todav\u00eda con una producci\u00f3n casera, el alto nivel de calidad y la excelente performance [&hellip;]<\/p>\n","protected":false},"author":1,"featured_media":47,"parent":0,"menu_order":1,"comment_status":"closed","ping_status":"closed","template":"","meta":[],"yoast_head":"<!-- This site is optimized with the Yoast SEO plugin v19.10 - https:\/\/yoast.com\/wordpress\/plugins\/seo\/ -->\n<title>A Empresa - Pasteur\u00a0<\/title>\n<meta name=\"robots\" content=\"index, follow, max-snippet:-1, max-image-preview:large, max-video-preview:-1\" \/>\n<link rel=\"canonical\" href=\"https:\/\/pasteur.ind.br\/empresa\/\" \/>\n<meta property=\"og:locale\" content=\"es_ES\" \/>\n<meta property=\"og:type\" content=\"article\" \/>\n<meta property=\"og:title\" content=\"A Empresa\" \/>\n<meta property=\"og:description\" content=\"Nuestra historia Nuestra Empresa Todo empez\u00f3 en 1981 Pasteur fue creada para suplir la necesidad de productos m\u00e1s efectivos para el combate a las arugas, y en el rejuvenecimiento de la piel, que no estaban disponibles en Brasil en aquella \u00e9poca. Todav\u00eda con una producci\u00f3n casera, el alto nivel de calidad y la excelente performance [&hellip;]\" \/>\n<meta property=\"og:url\" content=\"https:\/\/pasteur.ind.br\/empresa\/\" \/>\n<meta property=\"og:site_name\" content=\"Pasteur\u00a0\" \/>\n<meta property=\"article:modified_time\" content=\"2023-03-08T21:56:28+00:00\" \/>\n<meta property=\"og:image\" content=\"https:\/\/pasteur.ind.br\/wp-content\/uploads\/2022\/09\/empresa.jpg\" \/>\n\t<meta property=\"og:image:width\" content=\"1440\" \/>\n\t<meta property=\"og:image:height\" content=\"501\" \/>\n\t<meta property=\"og:image:type\" content=\"image\/jpeg\" \/>\n<meta name=\"twitter:card\" content=\"summary_large_image\" \/>\n<meta name=\"twitter:label1\" content=\"Est. reading time\" \/>\n\t<meta name=\"twitter:data1\" content=\"5 minutos\" \/>\n<script type=\"application\/ld+json\" class=\"yoast-schema-graph\">{\"@context\":\"https:\/\/schema.org\",\"@graph\":[{\"@type\":\"WebPage\",\"@id\":\"https:\/\/pasteur.ind.br\/empresa\/\",\"url\":\"https:\/\/pasteur.ind.br\/empresa\/\",\"name\":\"[:pt]A Empresa[:] - Pasteur\u00a0\",\"isPartOf\":{\"@id\":\"https:\/\/pasteur.ind.br\/#website\"},\"datePublished\":\"2022-09-17T20:25:22+00:00\",\"dateModified\":\"2023-03-08T21:56:28+00:00\",\"inLanguage\":\"es-ES\",\"potentialAction\":[{\"@type\":\"ReadAction\",\"target\":[\"https:\/\/pasteur.ind.br\/empresa\/\"]}]},{\"@type\":\"WebSite\",\"@id\":\"https:\/\/pasteur.ind.br\/#website\",\"url\":\"https:\/\/pasteur.ind.br\/\",\"name\":\"Pasteur\u00a0\",\"description\":\"S\u00f3 mais um site WordPress\",\"potentialAction\":[{\"@type\":\"SearchAction\",\"target\":{\"@type\":\"EntryPoint\",\"urlTemplate\":\"https:\/\/pasteur.ind.br\/?s={search_term_string}\"},\"query-input\":\"required name=search_term_string\"}],\"inLanguage\":\"es-ES\"}]}<\/script>\n<!-- \/ Yoast SEO plugin. -->","yoast_head_json":{"title":"A Empresa - Pasteur\u00a0","robots":{"index":"index","follow":"follow","max-snippet":"max-snippet:-1","max-image-preview":"max-image-preview:large","max-video-preview":"max-video-preview:-1"},"canonical":"https:\/\/pasteur.ind.br\/empresa\/","og_locale":"es_ES","og_type":"article","og_title":"[:pt]A Empresa[:] - Pasteur\u00a0","og_description":"Nuestra historia Nuestra Empresa Todo empez\u00f3 en 1981 Pasteur fue creada para suplir la necesidad de productos m\u00e1s efectivos para el combate a las arugas, y en el rejuvenecimiento de la piel, que no estaban disponibles en Brasil en aquella \u00e9poca. Todav\u00eda con una producci\u00f3n casera, el alto nivel de calidad y la excelente performance [&hellip;]","og_url":"https:\/\/pasteur.ind.br\/empresa\/","og_site_name":"Pasteur\u00a0","article_modified_time":"2023-03-08T21:56:28+00:00","og_image":[{"width":1440,"height":501,"url":"https:\/\/pasteur.ind.br\/wp-content\/uploads\/2022\/09\/empresa.jpg","type":"image\/jpeg"}],"twitter_card":"summary_large_image","twitter_misc":{"Est. reading time":"5 minutos"},"schema":{"@context":"https:\/\/schema.org","@graph":[{"@type":"WebPage","@id":"https:\/\/pasteur.ind.br\/empresa\/","url":"https:\/\/pasteur.ind.br\/empresa\/","name":"[:pt]A Empresa[:] - Pasteur\u00a0","isPartOf":{"@id":"https:\/\/pasteur.ind.br\/#website"},"datePublished":"2022-09-17T20:25:22+00:00","dateModified":"2023-03-08T21:56:28+00:00","inLanguage":"es-ES","potentialAction":[{"@type":"ReadAction","target":["https:\/\/pasteur.ind.br\/empresa\/"]}]},{"@type":"WebSite","@id":"https:\/\/pasteur.ind.br\/#website","url":"https:\/\/pasteur.ind.br\/","name":"Pasteur\u00a0","description":"S\u00f3 mais um site WordPress","potentialAction":[{"@type":"SearchAction","target":{"@type":"EntryPoint","urlTemplate":"https:\/\/pasteur.ind.br\/?s={search_term_string}"},"query-input":"required name=search_term_string"}],"inLanguage":"es-ES"}]}},"_links":{"self":[{"href":"https:\/\/pasteur.ind.br\/es\/wp-json\/wp\/v2\/pages\/6"}],"collection":[{"href":"https:\/\/pasteur.ind.br\/es\/wp-json\/wp\/v2\/pages"}],"about":[{"href":"https:\/\/pasteur.ind.br\/es\/wp-json\/wp\/v2\/types\/page"}],"author":[{"embeddable":true,"href":"https:\/\/pasteur.ind.br\/es\/wp-json\/wp\/v2\/users\/1"}],"replies":[{"embeddable":true,"href":"https:\/\/pasteur.ind.br\/es\/wp-json\/wp\/v2\/comments?post=6"}],"version-history":[{"count":316,"href":"https:\/\/pasteur.ind.br\/es\/wp-json\/wp\/v2\/pages\/6\/revisions"}],"predecessor-version":[{"id":2495,"href":"https:\/\/pasteur.ind.br\/es\/wp-json\/wp\/v2\/pages\/6\/revisions\/2495"}],"wp:featuredmedia":[{"embeddable":true,"href":"https:\/\/pasteur.ind.br\/es\/wp-json\/wp\/v2\/media\/47"}],"wp:attachment":[{"href":"https:\/\/pasteur.ind.br\/es\/wp-json\/wp\/v2\/media?parent=6"}],"curies":[{"name":"wp","href":"https:\/\/api.w.org\/{rel}","templated":true}]}}