{"id":916,"date":"2022-10-09T13:48:22","date_gmt":"2022-10-09T16:48:22","guid":{"rendered":"http:\/\/pasteur.ind.br\/?page_id=916"},"modified":"2023-03-09T10:31:40","modified_gmt":"2023-03-09T13:31:40","slug":"protetores-solares","status":"publish","type":"page","link":"https:\/\/pasteur.ind.br\/es\/produtos\/linha-solar\/protetores-solares\/","title":{"rendered":"Protetores Solares"},"content":{"rendered":"\n<div class=\"is-layout-flow wp-block-group featured-banner\"><div class=\"wp-block-group__inner-container\"><figure class=\"wp-block-post-featured-image\"><img width=\"1440\" height=\"500\" src=\"https:\/\/pasteur.ind.br\/wp-content\/uploads\/2022\/10\/protetores.jpg\" class=\"attachment-post-thumbnail size-post-thumbnail wp-post-image\" alt=\"\" decoding=\"async\" loading=\"lazy\" srcset=\"https:\/\/pasteur.ind.br\/wp-content\/uploads\/2022\/10\/protetores.jpg 1440w, https:\/\/pasteur.ind.br\/wp-content\/uploads\/2022\/10\/protetores-300x104.jpg 300w, https:\/\/pasteur.ind.br\/wp-content\/uploads\/2022\/10\/protetores-1024x356.jpg 1024w, https:\/\/pasteur.ind.br\/wp-content\/uploads\/2022\/10\/protetores-768x267.jpg 768w\" sizes=\"(max-width: 1440px) 100vw, 1440px\" \/><\/figure>\n\n\n<div class=\"is-layout-flow wp-block-group banner-text\"><div class=\"wp-block-group__inner-container\">\n<h1>Protectores Solares<\/h1>\n\n\n\n<p>L\u00ednea Solar<\/p>\n<\/div><\/div>\n<\/div><\/div>\n\n\n\n<section class=\"is-layout-flow wp-block-group guide2 block-text\"><div class=\"wp-block-group__inner-container\">\n<p>Nuestros protectores solares ofrecen alta protecci\u00f3n contra los rayos UVB, UVA, IV y luz azul. Est\u00e1n desarrollados para prevenir quemaduras y el fotoenvejecimiento manteniendo la piel hidratada. Nuestras formulaciones son dermatol\u00f3gicamente probadas, libres de Parabenos, Oxybenzone, Octynoxate y PABA. Adem\u00e1s de ser libres de aceite y cruelty-free (no testadas en animales).<\/p>\n<\/div><\/section>\n\n\n\n<section class=\"is-layout-flow wp-block-group guide2 grid-cosmetic\"><div class=\"wp-block-group__inner-container\">\n<h3>Formas cosm\u00e9ticas<\/h3>\n\n\n\n<div class=\"is-layout-flex wp-container-9 wp-block-columns 5-itens\">\n<div class=\"is-layout-flow wp-block-column\">\n<figure class=\"wp-block-image size-full is-resized\"><img decoding=\"async\" loading=\"lazy\" src=\"http:\/\/pasteur.ind.br\/wp-content\/uploads\/2022\/10\/locoes-cremoas.png\" alt=\"\" class=\"wp-image-1475\" width=\"176\" height=\"176\"\/><figcaption class=\"wp-element-caption\">Lociones cremosas<\/figcaption><\/figure>\n<\/div>\n\n\n\n<div class=\"is-layout-flow wp-block-column\">\n<figure class=\"wp-block-image size-full is-resized\"><img decoding=\"async\" loading=\"lazy\" src=\"http:\/\/pasteur.ind.br\/wp-content\/uploads\/2022\/10\/sprays.png\" alt=\"\" class=\"wp-image-1167\" width=\"176\" height=\"175\" srcset=\"https:\/\/pasteur.ind.br\/wp-content\/uploads\/2022\/10\/sprays.png 176w, https:\/\/pasteur.ind.br\/wp-content\/uploads\/2022\/10\/sprays-150x150.png 150w\" sizes=\"(max-width: 176px) 100vw, 176px\" \/><figcaption class=\"wp-element-caption\">Sprays<\/figcaption><\/figure>\n<\/div>\n\n\n\n<div class=\"is-layout-flow wp-block-column\">\n<figure class=\"wp-block-image size-full is-resized\"><img decoding=\"async\" src=\"http:\/\/pasteur.ind.br\/wp-content\/uploads\/2022\/10\/aerossois.png\" alt=\"\" class=\"wp-image-1164\" width=\"176\" srcset=\"https:\/\/pasteur.ind.br\/wp-content\/uploads\/2022\/10\/aerossois.png 176w, https:\/\/pasteur.ind.br\/wp-content\/uploads\/2022\/10\/aerossois-150x150.png 150w\" sizes=\"(max-width: 176px) 100vw, 176px\" \/><figcaption class=\"wp-element-caption\">Aerosoles<\/figcaption><\/figure>\n<\/div>\n\n\n\n<div class=\"is-layout-flow wp-block-column\">\n<figure class=\"wp-block-image size-full is-resized\"><img decoding=\"async\" src=\"http:\/\/pasteur.ind.br\/wp-content\/uploads\/2022\/10\/seruns.png\" alt=\"\" class=\"wp-image-1106\" width=\"174\" srcset=\"https:\/\/pasteur.ind.br\/wp-content\/uploads\/2022\/10\/seruns.png 174w, https:\/\/pasteur.ind.br\/wp-content\/uploads\/2022\/10\/seruns-150x150.png 150w\" sizes=\"(max-width: 174px) 100vw, 174px\" \/><figcaption class=\"wp-element-caption\">Serums<\/figcaption><\/figure>\n<\/div>\n\n\n\n<div class=\"is-layout-flow wp-block-column\">\n<figure class=\"wp-block-image size-full is-resized\"><img decoding=\"async\" src=\"http:\/\/pasteur.ind.br\/wp-content\/uploads\/2022\/10\/bastoes.png\" alt=\"\" class=\"wp-image-1165\" width=\"176\" srcset=\"https:\/\/pasteur.ind.br\/wp-content\/uploads\/2022\/10\/bastoes.png 176w, https:\/\/pasteur.ind.br\/wp-content\/uploads\/2022\/10\/bastoes-150x150.png 150w\" sizes=\"(max-width: 176px) 100vw, 176px\" \/><figcaption class=\"wp-element-caption\">Bastones<\/figcaption><\/figure>\n<\/div>\n<\/div>\n<\/div><\/section>\n\n\n\n<section class=\"is-layout-flow wp-block-group guide2 list-topics\"><div class=\"wp-block-group__inner-container\">\n<h3>Aplicaciones<\/h3>\n\n\n\n<ul>\n<li>Pieles grasas<\/li>\n\n\n\n<li>Pieles sensibles<\/li>\n\n\n\n<li>Infantil<\/li>\n\n\n\n<li>Cuerpo<\/li>\n\n\n\n<li>Facial<\/li>\n\n\n\n<li>Multifuncional (facial)<\/li>\n<\/ul>\n<\/div><\/section>\n\n\n\n<section class=\"is-layout-flow wp-block-group guide2 factors\"><div class=\"wp-block-group__inner-container\">\n<h3>Factores de Protecci\u00f3n Solar (UVB)<\/h3>\n\n\n\n<ul>\n<li><img decoding=\"async\" loading=\"lazy\" width=\"114\" height=\"112\" class=\"wp-image-2344\" style=\"width: 114px;\" src=\"http:\/\/pasteur.ind.br\/wp-content\/uploads\/2023\/01\/spf-30.png\" alt=\"\"><\/li>\n\n\n\n<li><img decoding=\"async\" loading=\"lazy\" width=\"114\" height=\"112\" class=\"wp-image-2346\" style=\"width: 114px;\" src=\"http:\/\/pasteur.ind.br\/wp-content\/uploads\/2023\/01\/spf-40.png\" alt=\"\"><\/li>\n\n\n\n<li><img decoding=\"async\" loading=\"lazy\" width=\"114\" height=\"112\" class=\"wp-image-2347\" style=\"width: 114px;\" src=\"http:\/\/pasteur.ind.br\/wp-content\/uploads\/2023\/01\/spf-50.png\" alt=\"\"><\/li>\n\n\n\n<li><img decoding=\"async\" loading=\"lazy\" width=\"114\" height=\"112\" class=\"wp-image-2348\" style=\"width: 114px;\" src=\"http:\/\/pasteur.ind.br\/wp-content\/uploads\/2023\/01\/spf-60.png\" alt=\"\"><\/li>\n\n\n\n<li><img decoding=\"async\" loading=\"lazy\" width=\"114\" height=\"112\" class=\"wp-image-2349\" style=\"width: 114px;\" src=\"http:\/\/pasteur.ind.br\/wp-content\/uploads\/2023\/01\/spf-70.png\" alt=\"\"><\/li>\n\n\n\n<li><img decoding=\"async\" loading=\"lazy\" width=\"114\" height=\"112\" class=\"wp-image-2350\" style=\"width: 114px;\" src=\"http:\/\/pasteur.ind.br\/wp-content\/uploads\/2023\/01\/spf-80.png\" alt=\"\"><\/li>\n\n\n\n<li><img decoding=\"async\" loading=\"lazy\" width=\"114\" height=\"112\" class=\"wp-image-2351\" style=\"width: 114px;\" src=\"http:\/\/pasteur.ind.br\/wp-content\/uploads\/2023\/01\/spf-90.png\" alt=\"\"><\/li>\n\n\n\n<li><img decoding=\"async\" loading=\"lazy\" width=\"114\" height=\"112\" class=\"wp-image-2352\" style=\"width: 114px;\" src=\"http:\/\/pasteur.ind.br\/wp-content\/uploads\/2023\/01\/spf-99.png\" alt=\"\"><\/li>\n<\/ul>\n<\/div><\/section>\n\n\n\n<section class=\"is-layout-flow wp-block-group guide2 block-blue\"><div class=\"wp-block-group__inner-container\">\n<p>Utilizamos filtros org\u00e1nicos o inorg\u00e1nicos, siempre teniendo en cuenta las necesidades de cada tipo de piel.<\/p>\n<\/div><\/section>\n\n\n\n<section class=\"is-layout-flow wp-block-group guide1\"><div class=\"wp-block-group__inner-container\">\n<div class=\"is-layout-flex wp-block-buttons\">\n<div class=\"wp-block-button btn-contact\"><a class=\"wp-block-button__link wp-element-button\" href=\".\/contato\/\" style=\"border-radius:0px\"><img decoding=\"async\" loading=\"lazy\" width=\"90\" height=\"78\" class=\"wp-image-459\" style=\"width: 90px;\" src=\"http:\/\/pasteur.ind.br\/wp-content\/uploads\/2022\/09\/btn-form.png\" alt=\"\"><span>\u00bfTienes un Proyecto?\n\u00a1D\u00e9janos ayudarte!<\/span><\/a><\/div>\n<\/div>\n<\/div><\/section>\n","protected":false},"excerpt":{"rendered":"<p>Protectores Solares L\u00ednea Solar Nuestros protectores solares ofrecen alta protecci\u00f3n contra los rayos UVB, UVA, IV y luz azul. Est\u00e1n desarrollados para prevenir quemaduras y el fotoenvejecimiento manteniendo la piel hidratada. Nuestras formulaciones son dermatol\u00f3gicamente probadas, libres de Parabenos, Oxybenzone, Octynoxate y PABA. Adem\u00e1s de ser libres de aceite y cruelty-free (no testadas en animales). [&hellip;]<\/p>\n","protected":false},"author":1,"featured_media":955,"parent":905,"menu_order":0,"comment_status":"closed","ping_status":"closed","template":"","meta":[],"yoast_head":"<!-- This site is optimized with the Yoast SEO plugin v19.10 - https:\/\/yoast.com\/wordpress\/plugins\/seo\/ -->\n<title>Protetores Solares - Pasteur\u00a0<\/title>\n<meta name=\"robots\" content=\"index, follow, max-snippet:-1, max-image-preview:large, max-video-preview:-1\" \/>\n<link rel=\"canonical\" href=\"https:\/\/pasteur.ind.br\/produtos\/linha-solar\/protetores-solares\/\" \/>\n<meta property=\"og:locale\" content=\"es_ES\" \/>\n<meta property=\"og:type\" content=\"article\" \/>\n<meta property=\"og:title\" content=\"Protetores Solares\" \/>\n<meta property=\"og:description\" content=\"Protectores Solares L\u00ednea Solar Nuestros protectores solares ofrecen alta protecci\u00f3n contra los rayos UVB, UVA, IV y luz azul. Est\u00e1n desarrollados para prevenir quemaduras y el fotoenvejecimiento manteniendo la piel hidratada. Nuestras formulaciones son dermatol\u00f3gicamente probadas, libres de Parabenos, Oxybenzone, Octynoxate y PABA. Adem\u00e1s de ser libres de aceite y cruelty-free (no testadas en animales). [&hellip;]\" \/>\n<meta property=\"og:url\" content=\"https:\/\/pasteur.ind.br\/produtos\/linha-solar\/protetores-solares\/\" \/>\n<meta property=\"og:site_name\" content=\"Pasteur\u00a0\" \/>\n<meta property=\"article:modified_time\" content=\"2023-03-09T13:31:40+00:00\" \/>\n<meta property=\"og:image\" content=\"https:\/\/pasteur.ind.br\/wp-content\/uploads\/2022\/10\/protetores.jpg\" \/>\n\t<meta property=\"og:image:width\" content=\"1440\" \/>\n\t<meta property=\"og:image:height\" content=\"500\" \/>\n\t<meta property=\"og:image:type\" content=\"image\/jpeg\" \/>\n<meta name=\"twitter:card\" content=\"summary_large_image\" \/>\n<meta name=\"twitter:label1\" content=\"Est. reading time\" \/>\n\t<meta name=\"twitter:data1\" content=\"4 minutos\" \/>\n<script type=\"application\/ld+json\" class=\"yoast-schema-graph\">{\"@context\":\"https:\/\/schema.org\",\"@graph\":[{\"@type\":\"WebPage\",\"@id\":\"https:\/\/pasteur.ind.br\/produtos\/linha-solar\/protetores-solares\/\",\"url\":\"https:\/\/pasteur.ind.br\/produtos\/linha-solar\/protetores-solares\/\",\"name\":\"[:pt]Protetores Solares[:] - Pasteur\u00a0\",\"isPartOf\":{\"@id\":\"https:\/\/pasteur.ind.br\/#website\"},\"datePublished\":\"2022-10-09T16:48:22+00:00\",\"dateModified\":\"2023-03-09T13:31:40+00:00\",\"breadcrumb\":{\"@id\":\"https:\/\/pasteur.ind.br\/produtos\/linha-solar\/protetores-solares\/#breadcrumb\"},\"inLanguage\":\"es-ES\",\"potentialAction\":[{\"@type\":\"ReadAction\",\"target\":[\"https:\/\/pasteur.ind.br\/produtos\/linha-solar\/protetores-solares\/\"]}]},{\"@type\":\"BreadcrumbList\",\"@id\":\"https:\/\/pasteur.ind.br\/produtos\/linha-solar\/protetores-solares\/#breadcrumb\",\"itemListElement\":[{\"@type\":\"ListItem\",\"position\":1,\"name\":\"Produtos\",\"item\":\"https:\/\/pasteur.ind.br\/produtos\/\"},{\"@type\":\"ListItem\",\"position\":2,\"name\":\"Linha Solar\",\"item\":\"https:\/\/pasteur.ind.br\/produtos\/linha-solar\/\"},{\"@type\":\"ListItem\",\"position\":3,\"name\":\"Protetores Solares\"}]},{\"@type\":\"WebSite\",\"@id\":\"https:\/\/pasteur.ind.br\/#website\",\"url\":\"https:\/\/pasteur.ind.br\/\",\"name\":\"Pasteur\u00a0\",\"description\":\"S\u00f3 mais um site WordPress\",\"potentialAction\":[{\"@type\":\"SearchAction\",\"target\":{\"@type\":\"EntryPoint\",\"urlTemplate\":\"https:\/\/pasteur.ind.br\/?s={search_term_string}\"},\"query-input\":\"required name=search_term_string\"}],\"inLanguage\":\"es-ES\"}]}<\/script>\n<!-- \/ Yoast SEO plugin. -->","yoast_head_json":{"title":"Protetores Solares - Pasteur\u00a0","robots":{"index":"index","follow":"follow","max-snippet":"max-snippet:-1","max-image-preview":"max-image-preview:large","max-video-preview":"max-video-preview:-1"},"canonical":"https:\/\/pasteur.ind.br\/produtos\/linha-solar\/protetores-solares\/","og_locale":"es_ES","og_type":"article","og_title":"[:pt]Protetores Solares[:] - Pasteur\u00a0","og_description":"Protectores Solares L\u00ednea Solar Nuestros protectores solares ofrecen alta protecci\u00f3n contra los rayos UVB, UVA, IV y luz azul. Est\u00e1n desarrollados para prevenir quemaduras y el fotoenvejecimiento manteniendo la piel hidratada. Nuestras formulaciones son dermatol\u00f3gicamente probadas, libres de Parabenos, Oxybenzone, Octynoxate y PABA. Adem\u00e1s de ser libres de aceite y cruelty-free (no testadas en animales). [&hellip;]","og_url":"https:\/\/pasteur.ind.br\/produtos\/linha-solar\/protetores-solares\/","og_site_name":"Pasteur\u00a0","article_modified_time":"2023-03-09T13:31:40+00:00","og_image":[{"width":1440,"height":500,"url":"https:\/\/pasteur.ind.br\/wp-content\/uploads\/2022\/10\/protetores.jpg","type":"image\/jpeg"}],"twitter_card":"summary_large_image","twitter_misc":{"Est. reading time":"4 minutos"},"schema":{"@context":"https:\/\/schema.org","@graph":[{"@type":"WebPage","@id":"https:\/\/pasteur.ind.br\/produtos\/linha-solar\/protetores-solares\/","url":"https:\/\/pasteur.ind.br\/produtos\/linha-solar\/protetores-solares\/","name":"[:pt]Protetores Solares[:] - Pasteur\u00a0","isPartOf":{"@id":"https:\/\/pasteur.ind.br\/#website"},"datePublished":"2022-10-09T16:48:22+00:00","dateModified":"2023-03-09T13:31:40+00:00","breadcrumb":{"@id":"https:\/\/pasteur.ind.br\/produtos\/linha-solar\/protetores-solares\/#breadcrumb"},"inLanguage":"es-ES","potentialAction":[{"@type":"ReadAction","target":["https:\/\/pasteur.ind.br\/produtos\/linha-solar\/protetores-solares\/"]}]},{"@type":"BreadcrumbList","@id":"https:\/\/pasteur.ind.br\/produtos\/linha-solar\/protetores-solares\/#breadcrumb","itemListElement":[{"@type":"ListItem","position":1,"name":"Produtos","item":"https:\/\/pasteur.ind.br\/produtos\/"},{"@type":"ListItem","position":2,"name":"Linha Solar","item":"https:\/\/pasteur.ind.br\/produtos\/linha-solar\/"},{"@type":"ListItem","position":3,"name":"Protetores Solares"}]},{"@type":"WebSite","@id":"https:\/\/pasteur.ind.br\/#website","url":"https:\/\/pasteur.ind.br\/","name":"Pasteur\u00a0","description":"S\u00f3 mais um site WordPress","potentialAction":[{"@type":"SearchAction","target":{"@type":"EntryPoint","urlTemplate":"https:\/\/pasteur.ind.br\/?s={search_term_string}"},"query-input":"required name=search_term_string"}],"inLanguage":"es-ES"}]}},"_links":{"self":[{"href":"https:\/\/pasteur.ind.br\/es\/wp-json\/wp\/v2\/pages\/916"}],"collection":[{"href":"https:\/\/pasteur.ind.br\/es\/wp-json\/wp\/v2\/pages"}],"about":[{"href":"https:\/\/pasteur.ind.br\/es\/wp-json\/wp\/v2\/types\/page"}],"author":[{"embeddable":true,"href":"https:\/\/pasteur.ind.br\/es\/wp-json\/wp\/v2\/users\/1"}],"replies":[{"embeddable":true,"href":"https:\/\/pasteur.ind.br\/es\/wp-json\/wp\/v2\/comments?post=916"}],"version-history":[{"count":49,"href":"https:\/\/pasteur.ind.br\/es\/wp-json\/wp\/v2\/pages\/916\/revisions"}],"predecessor-version":[{"id":2501,"href":"https:\/\/pasteur.ind.br\/es\/wp-json\/wp\/v2\/pages\/916\/revisions\/2501"}],"up":[{"embeddable":true,"href":"https:\/\/pasteur.ind.br\/es\/wp-json\/wp\/v2\/pages\/905"}],"wp:featuredmedia":[{"embeddable":true,"href":"https:\/\/pasteur.ind.br\/es\/wp-json\/wp\/v2\/media\/955"}],"wp:attachment":[{"href":"https:\/\/pasteur.ind.br\/es\/wp-json\/wp\/v2\/media?parent=916"}],"curies":[{"name":"wp","href":"https:\/\/api.w.org\/{rel}","templated":true}]}}