{"id":990,"date":"2022-10-09T20:27:27","date_gmt":"2022-10-09T23:27:27","guid":{"rendered":"http:\/\/pasteur.ind.br\/?page_id=990"},"modified":"2023-02-05T13:54:32","modified_gmt":"2023-02-05T16:54:32","slug":"linha-facial","status":"publish","type":"page","link":"https:\/\/pasteur.ind.br\/es\/produtos\/linha-facial\/","title":{"rendered":"Linha Facial"},"content":{"rendered":"\n<div class=\"is-layout-flow wp-block-group featured-banner\"><div class=\"wp-block-group__inner-container\"><figure class=\"wp-block-post-featured-image\"><img width=\"1440\" height=\"500\" src=\"https:\/\/pasteur.ind.br\/wp-content\/uploads\/2022\/10\/linhafacial.jpg\" class=\"attachment-post-thumbnail size-post-thumbnail wp-post-image\" alt=\"\" decoding=\"async\" loading=\"lazy\" srcset=\"https:\/\/pasteur.ind.br\/wp-content\/uploads\/2022\/10\/linhafacial.jpg 1440w, https:\/\/pasteur.ind.br\/wp-content\/uploads\/2022\/10\/linhafacial-300x104.jpg 300w, https:\/\/pasteur.ind.br\/wp-content\/uploads\/2022\/10\/linhafacial-1024x356.jpg 1024w, https:\/\/pasteur.ind.br\/wp-content\/uploads\/2022\/10\/linhafacial-768x267.jpg 768w\" sizes=\"(max-width: 1440px) 100vw, 1440px\" \/><\/figure>\n\n\n<div class=\"is-layout-flow wp-block-group banner-text\"><div class=\"wp-block-group__inner-container\">\n<h1><strong>Cuidado Facial<\/strong><\/h1>\n\n\n\n<p>Tratamiento completo para todos los tipos de piel<\/p>\n<\/div><\/div>\n<\/div><\/div>\n\n\n\n<section class=\"is-layout-flow wp-block-group guide2 block-text\"><div class=\"wp-block-group__inner-container\">\n<p>Desarrollamos productos espec\u00edficos para cada etapa del skincare facial. Nuestras soluciones ayudan a mantener la piel sana y a retrasar el envejecimiento precoz, a trav\u00e9s de formulaciones dermatol\u00f3gicamente testeadas e hipoalerg\u00e9nicas.<\/p>\n<\/div><\/section>\n\n\n\n<section class=\"is-layout-flow wp-block-group guide3\"><div class=\"wp-block-group__inner-container\">\n<figure class=\"is-layout-flex wp-block-gallery-4 wp-block-gallery has-nested-images columns-2 is-cropped produtos-gallery\">\n<figure class=\"wp-block-image size-full gallery-legend\"><a href=\".\/produtos\/linha-facial\/demaquilantes\/\"><img decoding=\"async\" loading=\"lazy\" width=\"308\" height=\"308\" src=\"http:\/\/pasteur.ind.br\/wp-content\/uploads\/2022\/10\/bt-demaquilantes.jpg\" alt=\"\" class=\"wp-image-1194\" srcset=\"https:\/\/pasteur.ind.br\/wp-content\/uploads\/2022\/10\/bt-demaquilantes.jpg 308w, https:\/\/pasteur.ind.br\/wp-content\/uploads\/2022\/10\/bt-demaquilantes-300x300.jpg 300w, https:\/\/pasteur.ind.br\/wp-content\/uploads\/2022\/10\/bt-demaquilantes-150x150.jpg 150w\" sizes=\"(max-width: 308px) 100vw, 308px\" \/><\/a><figcaption class=\"wp-element-caption\"> <span class=\"shadow\"><\/span> <span>Desmaquillantes<\/span> <\/figcaption><\/figure>\n\n\n\n<figure class=\"wp-block-image size-full\"><a href=\".\/produtos\/linha-facial\/limpadores\/\"><img decoding=\"async\" loading=\"lazy\" width=\"308\" height=\"308\" src=\"http:\/\/pasteur.ind.br\/wp-content\/uploads\/2022\/10\/bt-limpadores.jpg\" alt=\"\" class=\"wp-image-1206\" srcset=\"https:\/\/pasteur.ind.br\/wp-content\/uploads\/2022\/10\/bt-limpadores.jpg 308w, https:\/\/pasteur.ind.br\/wp-content\/uploads\/2022\/10\/bt-limpadores-300x300.jpg 300w, https:\/\/pasteur.ind.br\/wp-content\/uploads\/2022\/10\/bt-limpadores-150x150.jpg 150w\" sizes=\"(max-width: 308px) 100vw, 308px\" \/><\/a><figcaption class=\"wp-element-caption\"><span class=\"shadow\"><\/span><span>Limpiadores Faciales<\/span><\/figcaption><\/figure>\n\n\n\n<figure class=\"wp-block-image size-full\"><a href=\".\/produtos\/linha-facial\/tonificantes\/\"><img decoding=\"async\" loading=\"lazy\" width=\"308\" height=\"308\" src=\"http:\/\/pasteur.ind.br\/wp-content\/uploads\/2022\/10\/bt-tonificantes.jpg\" alt=\"\" class=\"wp-image-1207\" srcset=\"https:\/\/pasteur.ind.br\/wp-content\/uploads\/2022\/10\/bt-tonificantes.jpg 308w, https:\/\/pasteur.ind.br\/wp-content\/uploads\/2022\/10\/bt-tonificantes-300x300.jpg 300w, https:\/\/pasteur.ind.br\/wp-content\/uploads\/2022\/10\/bt-tonificantes-150x150.jpg 150w\" sizes=\"(max-width: 308px) 100vw, 308px\" \/><\/a><figcaption class=\"wp-element-caption\"> <span class=\"shadow\"><\/span><span>T\u00f3nicos Faciales<\/span> <\/figcaption><\/figure>\n\n\n\n<figure class=\"wp-block-image size-full\"><a href=\".\/produtos\/linha-facial\/hidratantes-multifuncionais\/\"><img decoding=\"async\" loading=\"lazy\" width=\"308\" height=\"308\" src=\"http:\/\/pasteur.ind.br\/wp-content\/uploads\/2022\/10\/bt-hidratantes-1.jpg\" alt=\"\" class=\"wp-image-1205\" srcset=\"https:\/\/pasteur.ind.br\/wp-content\/uploads\/2022\/10\/bt-hidratantes-1.jpg 308w, https:\/\/pasteur.ind.br\/wp-content\/uploads\/2022\/10\/bt-hidratantes-1-300x300.jpg 300w, https:\/\/pasteur.ind.br\/wp-content\/uploads\/2022\/10\/bt-hidratantes-1-150x150.jpg 150w\" sizes=\"(max-width: 308px) 100vw, 308px\" \/><\/a><figcaption class=\"wp-element-caption\"> <span class=\"shadow\"><\/span> <span>Cremas Hidratantes<br>Multifuncionales<\/span> <\/figcaption><\/figure>\n<\/figure>\n<\/div><\/section>\n\n\n\n<section class=\"is-layout-flow wp-block-group guide1\"><div class=\"wp-block-group__inner-container\">\n<div class=\"is-layout-flex wp-block-buttons\">\n<div class=\"wp-block-button btn-contact\"><a class=\"wp-block-button__link wp-element-button\" href=\".\/contato\/\" style=\"border-radius:0px\"><img decoding=\"async\" loading=\"lazy\" width=\"90\" height=\"78\" class=\"wp-image-459\" style=\"width: 90px;\" src=\"http:\/\/pasteur.ind.br\/wp-content\/uploads\/2022\/09\/btn-form.png\" alt=\"\"><span>\u00bfTienes un Proyecto?\n\u00a1D\u00e9janos ayudarte!<\/span><\/a><\/div>\n<\/div>\n<\/div><\/section>\n","protected":false},"excerpt":{"rendered":"<p>Cuidado Facial Tratamiento completo para todos los tipos de piel Desarrollamos productos espec\u00edficos para cada etapa del skincare facial. Nuestras soluciones ayudan a mantener la piel sana y a retrasar el envejecimiento precoz, a trav\u00e9s de formulaciones dermatol\u00f3gicamente testeadas e hipoalerg\u00e9nicas.<\/p>\n","protected":false},"author":1,"featured_media":992,"parent":12,"menu_order":0,"comment_status":"closed","ping_status":"closed","template":"","meta":[],"yoast_head":"<!-- This site is optimized with the Yoast SEO plugin v19.10 - https:\/\/yoast.com\/wordpress\/plugins\/seo\/ -->\n<title>Linha Facial - Pasteur\u00a0<\/title>\n<meta name=\"robots\" content=\"index, follow, max-snippet:-1, max-image-preview:large, max-video-preview:-1\" \/>\n<link rel=\"canonical\" href=\"https:\/\/pasteur.ind.br\/produtos\/linha-facial\/\" \/>\n<meta property=\"og:locale\" content=\"es_ES\" \/>\n<meta property=\"og:type\" content=\"article\" \/>\n<meta property=\"og:title\" content=\"Linha Facial\" \/>\n<meta property=\"og:description\" content=\"Cuidado Facial Tratamiento completo para todos los tipos de piel Desarrollamos productos espec\u00edficos para cada etapa del skincare facial. Nuestras soluciones ayudan a mantener la piel sana y a retrasar el envejecimiento precoz, a trav\u00e9s de formulaciones dermatol\u00f3gicamente testeadas e hipoalerg\u00e9nicas.\" \/>\n<meta property=\"og:url\" content=\"https:\/\/pasteur.ind.br\/produtos\/linha-facial\/\" \/>\n<meta property=\"og:site_name\" content=\"Pasteur\u00a0\" \/>\n<meta property=\"article:modified_time\" content=\"2023-02-05T16:54:32+00:00\" \/>\n<meta property=\"og:image\" content=\"https:\/\/pasteur.ind.br\/wp-content\/uploads\/2022\/10\/linhafacial.jpg\" \/>\n\t<meta property=\"og:image:width\" content=\"1440\" \/>\n\t<meta property=\"og:image:height\" content=\"500\" \/>\n\t<meta property=\"og:image:type\" content=\"image\/jpeg\" \/>\n<meta name=\"twitter:card\" content=\"summary_large_image\" \/>\n<meta name=\"twitter:label1\" content=\"Est. reading time\" \/>\n\t<meta name=\"twitter:data1\" content=\"2 minutos\" \/>\n<script type=\"application\/ld+json\" class=\"yoast-schema-graph\">{\"@context\":\"https:\/\/schema.org\",\"@graph\":[{\"@type\":\"WebPage\",\"@id\":\"https:\/\/pasteur.ind.br\/produtos\/linha-facial\/\",\"url\":\"https:\/\/pasteur.ind.br\/produtos\/linha-facial\/\",\"name\":\"[:pt]Linha Facial[:] - Pasteur\u00a0\",\"isPartOf\":{\"@id\":\"https:\/\/pasteur.ind.br\/#website\"},\"datePublished\":\"2022-10-09T23:27:27+00:00\",\"dateModified\":\"2023-02-05T16:54:32+00:00\",\"breadcrumb\":{\"@id\":\"https:\/\/pasteur.ind.br\/produtos\/linha-facial\/#breadcrumb\"},\"inLanguage\":\"es-ES\",\"potentialAction\":[{\"@type\":\"ReadAction\",\"target\":[\"https:\/\/pasteur.ind.br\/produtos\/linha-facial\/\"]}]},{\"@type\":\"BreadcrumbList\",\"@id\":\"https:\/\/pasteur.ind.br\/produtos\/linha-facial\/#breadcrumb\",\"itemListElement\":[{\"@type\":\"ListItem\",\"position\":1,\"name\":\"Produtos\",\"item\":\"https:\/\/pasteur.ind.br\/produtos\/\"},{\"@type\":\"ListItem\",\"position\":2,\"name\":\"Linha Facial\"}]},{\"@type\":\"WebSite\",\"@id\":\"https:\/\/pasteur.ind.br\/#website\",\"url\":\"https:\/\/pasteur.ind.br\/\",\"name\":\"Pasteur\u00a0\",\"description\":\"S\u00f3 mais um site WordPress\",\"potentialAction\":[{\"@type\":\"SearchAction\",\"target\":{\"@type\":\"EntryPoint\",\"urlTemplate\":\"https:\/\/pasteur.ind.br\/?s={search_term_string}\"},\"query-input\":\"required name=search_term_string\"}],\"inLanguage\":\"es-ES\"}]}<\/script>\n<!-- \/ Yoast SEO plugin. -->","yoast_head_json":{"title":"Linha Facial - Pasteur\u00a0","robots":{"index":"index","follow":"follow","max-snippet":"max-snippet:-1","max-image-preview":"max-image-preview:large","max-video-preview":"max-video-preview:-1"},"canonical":"https:\/\/pasteur.ind.br\/produtos\/linha-facial\/","og_locale":"es_ES","og_type":"article","og_title":"[:pt]Linha Facial[:] - Pasteur\u00a0","og_description":"Cuidado Facial Tratamiento completo para todos los tipos de piel Desarrollamos productos espec\u00edficos para cada etapa del skincare facial. Nuestras soluciones ayudan a mantener la piel sana y a retrasar el envejecimiento precoz, a trav\u00e9s de formulaciones dermatol\u00f3gicamente testeadas e hipoalerg\u00e9nicas.","og_url":"https:\/\/pasteur.ind.br\/produtos\/linha-facial\/","og_site_name":"Pasteur\u00a0","article_modified_time":"2023-02-05T16:54:32+00:00","og_image":[{"width":1440,"height":500,"url":"https:\/\/pasteur.ind.br\/wp-content\/uploads\/2022\/10\/linhafacial.jpg","type":"image\/jpeg"}],"twitter_card":"summary_large_image","twitter_misc":{"Est. reading time":"2 minutos"},"schema":{"@context":"https:\/\/schema.org","@graph":[{"@type":"WebPage","@id":"https:\/\/pasteur.ind.br\/produtos\/linha-facial\/","url":"https:\/\/pasteur.ind.br\/produtos\/linha-facial\/","name":"[:pt]Linha Facial[:] - Pasteur\u00a0","isPartOf":{"@id":"https:\/\/pasteur.ind.br\/#website"},"datePublished":"2022-10-09T23:27:27+00:00","dateModified":"2023-02-05T16:54:32+00:00","breadcrumb":{"@id":"https:\/\/pasteur.ind.br\/produtos\/linha-facial\/#breadcrumb"},"inLanguage":"es-ES","potentialAction":[{"@type":"ReadAction","target":["https:\/\/pasteur.ind.br\/produtos\/linha-facial\/"]}]},{"@type":"BreadcrumbList","@id":"https:\/\/pasteur.ind.br\/produtos\/linha-facial\/#breadcrumb","itemListElement":[{"@type":"ListItem","position":1,"name":"Produtos","item":"https:\/\/pasteur.ind.br\/produtos\/"},{"@type":"ListItem","position":2,"name":"Linha Facial"}]},{"@type":"WebSite","@id":"https:\/\/pasteur.ind.br\/#website","url":"https:\/\/pasteur.ind.br\/","name":"Pasteur\u00a0","description":"S\u00f3 mais um site WordPress","potentialAction":[{"@type":"SearchAction","target":{"@type":"EntryPoint","urlTemplate":"https:\/\/pasteur.ind.br\/?s={search_term_string}"},"query-input":"required name=search_term_string"}],"inLanguage":"es-ES"}]}},"_links":{"self":[{"href":"https:\/\/pasteur.ind.br\/es\/wp-json\/wp\/v2\/pages\/990"}],"collection":[{"href":"https:\/\/pasteur.ind.br\/es\/wp-json\/wp\/v2\/pages"}],"about":[{"href":"https:\/\/pasteur.ind.br\/es\/wp-json\/wp\/v2\/types\/page"}],"author":[{"embeddable":true,"href":"https:\/\/pasteur.ind.br\/es\/wp-json\/wp\/v2\/users\/1"}],"replies":[{"embeddable":true,"href":"https:\/\/pasteur.ind.br\/es\/wp-json\/wp\/v2\/comments?post=990"}],"version-history":[{"count":30,"href":"https:\/\/pasteur.ind.br\/es\/wp-json\/wp\/v2\/pages\/990\/revisions"}],"predecessor-version":[{"id":2423,"href":"https:\/\/pasteur.ind.br\/es\/wp-json\/wp\/v2\/pages\/990\/revisions\/2423"}],"up":[{"embeddable":true,"href":"https:\/\/pasteur.ind.br\/es\/wp-json\/wp\/v2\/pages\/12"}],"wp:featuredmedia":[{"embeddable":true,"href":"https:\/\/pasteur.ind.br\/es\/wp-json\/wp\/v2\/media\/992"}],"wp:attachment":[{"href":"https:\/\/pasteur.ind.br\/es\/wp-json\/wp\/v2\/media?parent=990"}],"curies":[{"name":"wp","href":"https:\/\/api.w.org\/{rel}","templated":true}]}}